{"id":5,"date":"2019-10-10T14:15:27","date_gmt":"2019-10-10T12:15:27","guid":{"rendered":"http:\/\/jurekband.pl\/index.php\/o-nas\/"},"modified":"2022-12-04T16:10:30","modified_gmt":"2022-12-04T15:10:30","slug":"o-nas","status":"publish","type":"page","link":"https:\/\/jurekband.pl\/","title":{"rendered":"O nas"},"content":{"rendered":"<p>[et_pb_section fb_built=&#8221;1&#8243; fullwidth=&#8221;on&#8221; admin_label=&#8221;Header Section&#8221; _builder_version=&#8221;4.16&#8243; background_image=&#8221;https:\/\/jurekband.pl\/wp-content\/uploads\/2019\/10\/Wesele_fotografia-\u015blubna-Reda-Gdynia-Gda\u0144sk-Tr\u00f3jmiasto-Foto-Film-Atelier-111.jpg&#8221; parallax=&#8221;on&#8221; top_divider_color=&#8221;rgba(255,255,255,0.6)&#8221; top_divider_height=&#8221;30%&#8221; collapsed=&#8221;off&#8221; global_colors_info=&#8221;{}&#8221;][et_pb_fullwidth_header title=&#8221;Artystyczna obs\u0142uga imprez&#8221; subhead=&#8221;Jurek Band&#8221; text_orientation=&#8221;center&#8221; header_fullscreen=&#8221;on&#8221; header_scroll_down=&#8221;on&#8221; scroll_down_icon=&#8221;%%1%%&#8221; scroll_down_icon_color=&#8221;#ffffff&#8221; button_one_text=&#8221;SPRAWD\u0179 NASZE DEMO&#8221; _builder_version=&#8221;4.16&#8243; title_level=&#8221;h2&#8243; title_font=&#8221;Rubik|700||on|||||&#8221; title_text_color=&#8221;#fcc600&#8243; title_font_size=&#8221;16px&#8221; title_letter_spacing=&#8221;5px&#8221; title_line_height=&#8221;2em&#8221; content_font=&#8221;Rubik||||||||&#8221; content_text_color=&#8221;#ffffff&#8221; content_font_size=&#8221;18px&#8221; content_line_height=&#8221;2em&#8221; subhead_font=&#8221;Rubik|700|||||||&#8221; subhead_text_color=&#8221;#ffffff&#8221; subhead_font_size=&#8221;50px&#8221; subhead_line_height=&#8221;1.4em&#8221; background_color=&#8221;rgba(0,0,0,0.53)&#8221; background_enable_image=&#8221;off&#8221; background_size=&#8221;contain&#8221; background_position=&#8221;bottom_center&#8221; custom_button_one=&#8221;on&#8221; button_one_text_size=&#8221;16px&#8221; button_one_text_color=&#8221;#000000&#8243; button_one_bg_color=&#8221;#fcc600&#8243; button_one_border_width=&#8221;15px&#8221; button_one_border_color=&#8221;rgba(210,159,104,0)&#8221; button_one_border_radius=&#8221;100px&#8221; button_one_letter_spacing=&#8221;0px&#8221; button_one_font=&#8221;Rubik|700|||||||&#8221; button_one_use_icon=&#8221;off&#8221; custom_button_two=&#8221;on&#8221; button_two_text_size=&#8221;16px&#8221; button_two_text_color=&#8221;#ffffff&#8221; button_two_bg_color=&#8221;rgba(0,0,0,0.6)&#8221; button_two_border_width=&#8221;15px&#8221; button_two_border_color=&#8221;rgba(210,159,104,0)&#8221; button_two_border_radius=&#8221;100px&#8221; button_two_letter_spacing=&#8221;0px&#8221; button_two_font=&#8221;Rubik|700|||||||&#8221; button_two_use_icon=&#8221;off&#8221; background_layout=&#8221;light&#8221; custom_margin=&#8221;|||&#8221; animation_style=&#8221;slide&#8221; animation_direction=&#8221;bottom&#8221; animation_intensity_slide=&#8221;1%&#8221; content_font_size_tablet=&#8221;&#8221; content_font_size_phone=&#8221;16px&#8221; content_font_size_last_edited=&#8221;on|phone&#8221; subhead_font_size_tablet=&#8221;&#8221; subhead_font_size_phone=&#8221;30px&#8221; subhead_font_size_last_edited=&#8221;on|phone&#8221; box_shadow_style=&#8221;preset6&#8243; box_shadow_vertical=&#8221;-10px&#8221; box_shadow_color=&#8221;rgba(0,0,0,0.2)&#8221; button_one_border_radius_hover=&#8221;100px&#8221; button_two_border_radius_hover=&#8221;100px&#8221; button_one_bg_color_hover=&#8221;#ff8a70&#8243; button_two_bg_color_hover=&#8221;#ff8a70&#8243; global_colors_info=&#8221;{}&#8221; button_one_text_size__hover_enabled=&#8221;off&#8221; button_two_text_size__hover_enabled=&#8221;off&#8221; button_one_text_color__hover_enabled=&#8221;off&#8221; button_two_text_color__hover_enabled=&#8221;off&#8221; button_one_border_width__hover_enabled=&#8221;off&#8221; button_two_border_width__hover_enabled=&#8221;off&#8221; button_one_border_color__hover_enabled=&#8221;off&#8221; button_two_border_color__hover_enabled=&#8221;off&#8221; button_one_border_radius__hover_enabled=&#8221;on&#8221; button_one_border_radius__hover=&#8221;100px&#8221; button_two_border_radius__hover_enabled=&#8221;on&#8221; button_two_border_radius__hover=&#8221;100px&#8221; button_one_letter_spacing__hover_enabled=&#8221;off&#8221; button_two_letter_spacing__hover_enabled=&#8221;off&#8221; button_one_bg_color__hover_enabled=&#8221;on&#8221; button_one_bg_color__hover=&#8221;#ff8a70&#8243; button_two_bg_color__hover_enabled=&#8221;on&#8221; button_two_bg_color__hover=&#8221;#ff8a70&#8243;][\/et_pb_fullwidth_header][\/et_pb_section][et_pb_section fb_built=&#8221;1&#8243; _builder_version=&#8221;4.17.3&#8243; background_color=&#8221;#000000&#8243; collapsed=&#8221;off&#8221; global_colors_info=&#8221;{}&#8221;][et_pb_row column_structure=&#8221;1_2,1_2&#8243; _builder_version=&#8221;4.17.3&#8243; collapsed=&#8221;off&#8221; global_colors_info=&#8221;{}&#8221;][et_pb_column type=&#8221;1_2&#8243; _builder_version=&#8221;4.16&#8243; global_colors_info=&#8221;{}&#8221;][et_pb_text _builder_version=&#8221;4.17.3&#8243; text_font=&#8221;Play||||||||&#8221; text_text_color=&#8221;#ffffff&#8221; text_font_size=&#8221;15px&#8221; text_line_height=&#8221;1.8em&#8221; header_2_font=&#8221;ABeeZee||||||||&#8221; header_2_text_color=&#8221;#ffffff&#8221; global_colors_info=&#8221;{}&#8221;]<\/p>\n<h2 style=\"text-align: justify;\">O NAS<\/h2>\n<p style=\"text-align: justify;\">Historia powstania zespo\u0142u weselnego z Tr\u00f3jmiasta, w obecnym sk\u0142adzie si\u0119ga roku 2003, kiedy to zesp\u00f3\u0142 podpisa\u0142 kontrakt z Kampani\u0105 Piwowarsk\u0105 na 70 koncert\u00f3w biesiadnych dla piwa marki Tyskie pod nazw\u0105 \u201eSax &amp; Dance\u201d. Koncerty odbywa\u0142y si\u0119 w ca\u0142ym woj. pomorskim jak i w zachodniopomorskim oraz warmi\u0144sko-mazurskim, lecz Pomorze to g\u0142\u00f3wni odbiorcy naszych us\u0142ug.<\/p>\n<p style=\"text-align: justify;\">Zesp\u00f3\u0142 na potrzeby us\u0142ug weselnych zmieni\u0142 nazw\u0119 na &#8221; Jurek Band&#8221;\u00ae kt\u00f3ra jest znamienn\u0105 tylko dla naszego zespo\u0142u i \u015bwiadczymy us\u0142ugi jako zesp\u00f3\u0142 muzyczny na wesele w Tr\u00f3jmie\u015bcie, woj. pomorskim jak i w ca\u0142ej Polsce.<\/p>\n<p style=\"text-align: justify;\">Obecny sk\u0142ad zespo\u0142u to: Paulina wokalistka, Jerzy Dukalski\u2013saksofonista, klawiszowiec, manager zespo\u0142u oraz gitarzysta Pawe\u0142 Kasprzewski oraz Jaros\u0142aw Zych &#8211; perkusista.<\/p>\n<p>[\/et_pb_text][\/et_pb_column][et_pb_column type=&#8221;1_2&#8243; _builder_version=&#8221;4.16&#8243; global_colors_info=&#8221;{}&#8221;][et_pb_image src=&#8221;https:\/\/jurekband.pl\/wp-content\/uploads\/2022\/04\/DSC_2557a-scaled.jpg&#8221; title_text=&#8221;DSC_2557a&#8221; _builder_version=&#8221;4.17.3&#8243; box_shadow_style=&#8221;preset2&#8243; box_shadow_color=&#8221;rgba(255,255,255,0.51)&#8221; global_colors_info=&#8221;{}&#8221;][\/et_pb_image][\/et_pb_column][\/et_pb_row][\/et_pb_section][et_pb_section fb_built=&#8221;1&#8243; custom_padding_last_edited=&#8221;on|desktop&#8221; admin_label=&#8221;3 Buttons&#8221; _builder_version=&#8221;4.17.3&#8243; custom_padding=&#8221;0||0|50%|false|false&#8221; custom_padding_tablet=&#8221;|10%||10%&#8221; custom_padding_phone=&#8221;&#8221; collapsed=&#8221;off&#8221; global_colors_info=&#8221;{}&#8221;][et_pb_row column_structure=&#8221;1_2,1_2&#8243; use_custom_gutter=&#8221;on&#8221; gutter_width=&#8221;1&#8243; custom_padding_last_edited=&#8221;off|desktop&#8221; _builder_version=&#8221;4.17.3&#8243; width=&#8221;100%&#8221; max_width=&#8221;100%&#8221; custom_margin=&#8221;|||&#8221; custom_padding=&#8221;0px||0px||true|false&#8221; custom_padding_tablet=&#8221;20px|||&#8221; animation_style=&#8221;slide&#8221; animation_direction=&#8221;top&#8221; animation_delay=&#8221;200ms&#8221; border_radii=&#8221;||||80px&#8221; use_custom_width=&#8221;on&#8221; width_unit=&#8221;off&#8221; custom_width_percent=&#8221;100%&#8221; collapsed=&#8221;off&#8221; global_colors_info=&#8221;{}&#8221;][et_pb_column type=&#8221;1_2&#8243; _builder_version=&#8221;4.16&#8243; background_color=&#8221;#000000&#8243; custom_padding=&#8221;|||&#8221; global_colors_info=&#8221;{}&#8221; custom_padding__hover=&#8221;|||&#8221;][et_pb_blurb url=&#8221;#&#8221; title_tablet=&#8221;tel: +48 501 097 117&#8243; title_phone=&#8221;Telefon kontaktowy&#8221; title_last_edited=&#8221;on|phone&#8221; content_tablet=&#8221;<\/p>\n<p>tel: +48 501 097 117<\/p>\n<p>&#8221; content_phone=&#8221;<\/p>\n<p><a href=%22tel:+48501097117%22>tel: +48 501 097 117<\/a><\/p>\n<p>&#8221; content_last_edited=&#8221;on|phone&#8221; _builder_version=&#8221;4.17.3&#8243; header_font=&#8221;Rubik||||||||&#8221; background_color=&#8221;#000000&#8243; text_orientation=&#8221;center&#8221; background_layout=&#8221;dark&#8221; custom_margin=&#8221;|||&#8221; custom_padding=&#8221;40px|20px|30px|20px|false|true&#8221; custom_padding_tablet=&#8221;20px||10px|&#8221; custom_padding_phone=&#8221;&#8221; custom_padding_last_edited=&#8221;on|desktop&#8221; global_colors_info=&#8221;{}&#8221;]<\/p>\n<p><a href=\"tel:+48501097117\">tel:+48 501 097 117<\/a><\/p>\n<p>[\/et_pb_blurb][\/et_pb_column][et_pb_column type=&#8221;1_2&#8243; _builder_version=&#8221;4.16&#8243; custom_padding=&#8221;|||&#8221; global_colors_info=&#8221;{}&#8221; custom_padding__hover=&#8221;|||&#8221;][et_pb_blurb title=&#8221;jurek@jurekband.pl&#8221; url=&#8221;#&#8221; _builder_version=&#8221;4.16&#8243; header_font=&#8221;Rubik||||||||&#8221; header_text_color=&#8221;#000000&#8243; background_color=&#8221;#fcc600&#8243; text_orientation=&#8221;center&#8221; background_layout=&#8221;dark&#8221; custom_margin=&#8221;|||&#8221; custom_padding=&#8221;40px|20px|30px|20px|false|true&#8221; custom_padding_tablet=&#8221;20px||10px|&#8221; custom_padding_phone=&#8221;&#8221; custom_padding_last_edited=&#8221;on|desktop&#8221; locked=&#8221;off&#8221; global_colors_info=&#8221;{}&#8221;][\/et_pb_blurb][\/et_pb_column][\/et_pb_row][\/et_pb_section][et_pb_section fb_built=&#8221;1&#8243; admin_label=&#8221;Our Mission&#8221; _builder_version=&#8221;4.17.3&#8243; use_background_color_gradient=&#8221;on&#8221; background_color_gradient_stops=&#8221;rgba(233,239,243,0) 0%|#e9eff3 100%&#8221; background_color_gradient_start=&#8221;rgba(233,239,243,0)&#8221; background_color_gradient_end=&#8221;#e9eff3&#8243; background_enable_image=&#8221;off&#8221; parallax=&#8221;on&#8221; custom_padding=&#8221;0px|0px|11px|0px|false|false&#8221; collapsed=&#8221;off&#8221; global_colors_info=&#8221;{}&#8221;][et_pb_row admin_label=&#8221;Mission Row&#8221; _builder_version=&#8221;4.19.2&#8243; locked=&#8221;off&#8221; collapsed=&#8221;off&#8221; global_colors_info=&#8221;{}&#8221;][et_pb_column type=&#8221;4_4&#8243; _builder_version=&#8221;4.16&#8243; custom_padding=&#8221;|||&#8221; global_colors_info=&#8221;{}&#8221; custom_padding__hover=&#8221;|||&#8221;][et_pb_text _builder_version=&#8221;4.16&#8243; text_font=&#8221;Rubik|500|||||||&#8221; text_font_size=&#8221;16px&#8221; text_line_height=&#8221;2em&#8221; header_font=&#8221;||||||||&#8221; header_2_font=&#8221;Rubik|700|||||||&#8221; header_2_font_size=&#8221;40px&#8221; header_2_line_height=&#8221;1.4em&#8221; header_5_font=&#8221;Rubik|700||on|||||&#8221; header_5_text_color=&#8221;#2b76df&#8221; header_5_letter_spacing=&#8221;5px&#8221; header_5_line_height=&#8221;1.5em&#8221; text_orientation=&#8221;center&#8221; max_width=&#8221;700px&#8221; module_alignment=&#8221;center&#8221; custom_margin=&#8221;|||&#8221; custom_margin_tablet=&#8221;0px|||&#8221; custom_margin_last_edited=&#8221;off|desktop&#8221; hover_enabled=&#8221;0&#8243; text_line_height_last_edited=&#8221;off|desktop&#8221; header_2_font_size_tablet=&#8221;&#8221; header_2_font_size_phone=&#8221;30px&#8221; header_2_font_size_last_edited=&#8221;on|phone&#8221; global_colors_info=&#8221;{}&#8221; sticky_enabled=&#8221;0&#8243;]<\/p>\n<h2>Nasz zesp\u00f3\u0142<\/h2>\n<p>[\/et_pb_text][\/et_pb_column][\/et_pb_row][et_pb_row column_structure=&#8221;1_4,1_4,1_4,1_4&#8243; _builder_version=&#8221;4.16&#8243; width=&#8221;85%&#8221; max_width=&#8221;85%&#8221; custom_padding=&#8221;0px|||||&#8221; collapsed=&#8221;on&#8221; global_colors_info=&#8221;{}&#8221;][et_pb_column type=&#8221;1_4&#8243; _builder_version=&#8221;4.16&#8243; global_colors_info=&#8221;{}&#8221;][et_pb_blurb title=&#8221;Paulina&#8221; image=&#8221;https:\/\/jurekband.pl\/wp-content\/uploads\/2022\/04\/DSC_2531-scaled.jpg&#8221; _builder_version=&#8221;4.17.3&#8243; header_font=&#8221;ABeeZee|||on|||||&#8221; header_text_align=&#8221;center&#8221; header_text_color=&#8221;#000000&#8243; header_font_size=&#8221;24px&#8221; header_letter_spacing=&#8221;2px&#8221; body_font=&#8221;Play||||||||&#8221; body_text_align=&#8221;center&#8221; body_text_color=&#8221;#000000&#8243; body_font_size=&#8221;15px&#8221; border_width_all_image=&#8221;1px&#8221; border_color_all_image=&#8221;#000000&#8243; box_shadow_style_image=&#8221;preset2&#8243; global_colors_info=&#8221;{}&#8221;]<\/p>\n<p>Wokalistka &#8211; absolwentka Akademii Muzycznej Aaron Copland of Music School w NY, \u015bpiewaj\u0105ca bardzo szeroki repertuar polski jak i zagraniczny, pop, klasyka, rock. Laureatka IV Festiwalu Polskiej Piosenki w Opolu.\u00a0 Profesjonalistka z power&#8217;em w g\u0142osie, a przy tym posiadaj\u0105ca niezwykle ciep\u0142\u0105 barw\u0119 i charyzm\u0119 w \u015bpiewaniu cover\u00f3w.<\/p>\n<p>[\/et_pb_blurb][\/et_pb_column][et_pb_column type=&#8221;1_4&#8243; _builder_version=&#8221;4.16&#8243; global_colors_info=&#8221;{}&#8221;][et_pb_blurb title=&#8221;Jerzy Dukalski&#8221; image=&#8221;https:\/\/jurekband.pl\/wp-content\/uploads\/2019\/11\/Jerzy-Dukalski-saksofon-2.jpg&#8221; _builder_version=&#8221;4.16&#8243; header_font=&#8221;ABeeZee|||on|||||&#8221; header_text_align=&#8221;center&#8221; header_text_color=&#8221;#000000&#8243; header_font_size=&#8221;24px&#8221; header_letter_spacing=&#8221;2px&#8221; body_font=&#8221;Play||||||||&#8221; body_text_align=&#8221;center&#8221; body_text_color=&#8221;#000000&#8243; body_font_size=&#8221;15px&#8221; border_width_all_image=&#8221;1px&#8221; border_color_all_image=&#8221;#000000&#8243; box_shadow_style_image=&#8221;preset2&#8243; global_colors_info=&#8221;{}&#8221;]Absolwent gda\u0144skiej szko\u0142y muzycznej w klasie klarnetu. Muzykowanie rozpocz\u0105\u0142 ju\u017c latach 70\u2019tych zak\u0142adaj\u0105c w\u0142asny zesp\u00f3\u0142 &#8220;Remont Generalny&#8221;, laureat konkursu \u201eCzerwony Gryf\u201d uznany za najlepszego instrumentalist\u0119 konkursu. Zesp\u00f3\u0142 na tym samym konkursie zaj\u0105\u0142 trzecie miejsce. Dalsza przygoda z muzyk\u0105 to zesp\u00f3\u0142\u00a0\u201eTrans\u201d\u00a0\u00a0zako\u0144czona nagraniami radiowymi oraz wsp\u00f3\u0142praca przy nagraniach   z grupami &#8220;She&#8221;, &#8220;Gda\u0144sk\u0105 Kapel\u0105 Portow\u0105&#8221;, Lechem Makowieckim,\u00a0 Renat\u0105 Gleinert i innymi.[\/et_pb_blurb][\/et_pb_column][et_pb_column type=&#8221;1_4&#8243; _builder_version=&#8221;4.16&#8243; global_colors_info=&#8221;{}&#8221;][et_pb_blurb title=&#8221;Pawe\u0142 Kasprzewski&#8221; image=&#8221;https:\/\/jurekband.pl\/wp-content\/uploads\/2019\/11\/Pawe\u0142-Kasprzewski-Gitara.jpeg&#8221; _builder_version=&#8221;4.16&#8243; header_font=&#8221;ABeeZee|||on|||||&#8221; header_text_align=&#8221;center&#8221; header_text_color=&#8221;#000000&#8243; header_font_size=&#8221;24px&#8221; header_letter_spacing=&#8221;2px&#8221; body_font=&#8221;Play||||||||&#8221; body_text_align=&#8221;center&#8221; body_text_color=&#8221;#000000&#8243; body_font_size=&#8221;15px&#8221; border_width_all_image=&#8221;1px&#8221; border_color_all_image=&#8221;#000000&#8243; box_shadow_style_image=&#8221;preset2&#8243; global_colors_info=&#8221;{}&#8221;]Perfekcyjny gitarzysta,  \u015bwietnie znajduje si\u0119 w repertuarze pop-rock&#8217;owym jak r\u00f3wnie\u017c w ka\u017cdej innej muzyce rozrywkowej. Gitarzysta z do\u015bwiadczeniem estradowym, z powodzeniem realizuje projekty muzyczne w muzyce standardowej i jazz&#8217;owej. [\/et_pb_blurb][\/et_pb_column][et_pb_column type=&#8221;1_4&#8243; _builder_version=&#8221;4.16&#8243; global_colors_info=&#8221;{}&#8221;][et_pb_blurb title=&#8221;Jarek Zych &#8221; image=&#8221;https:\/\/jurekband.pl\/wp-content\/uploads\/2019\/11\/Jarek-Zych-Perkusja.jpg&#8221; _builder_version=&#8221;4.16&#8243; header_font=&#8221;ABeeZee|||on|||||&#8221; header_text_align=&#8221;center&#8221; header_text_color=&#8221;#000000&#8243; header_font_size=&#8221;24px&#8221; header_letter_spacing=&#8221;2px&#8221; body_font=&#8221;Play||||||||&#8221; body_text_align=&#8221;center&#8221; body_text_color=&#8221;#000000&#8243; body_font_size=&#8221;15px&#8221; border_width_all_image=&#8221;1px&#8221; border_color_all_image=&#8221;#000000&#8243; box_shadow_style_image=&#8221;preset2&#8243; global_colors_info=&#8221;{}&#8221;]\u015awietny muzyk, perkusista rock&#8217;owy, a przede wszystkim\u00a0 bardzo solidny i &#8230; \u015bwietny kolega.\u00a0 \u00a0[\/et_pb_blurb][\/et_pb_column][\/et_pb_row][\/et_pb_section][et_pb_section fb_built=&#8221;1&#8243; fullwidth=&#8221;on&#8221; _builder_version=&#8221;4.17.3&#8243; background_image=&#8221;https:\/\/jurekband.pl\/wp-content\/uploads\/2019\/10\/Wesele_fotografia-\u015blubna-Reda-Gdynia-Gda\u0144sk-Tr\u00f3jmiasto-Foto-Film-Atelier-202.jpg&#8221; parallax=&#8221;on&#8221; parallax_method=&#8221;off&#8221; hover_enabled=&#8221;0&#8243; collapsed=&#8221;off&#8221; global_colors_info=&#8221;{}&#8221; sticky_enabled=&#8221;0&#8243;][et_pb_fullwidth_code _builder_version=&#8221;4.16&#8243; hover_enabled=&#8221;0&#8243; custom_css_main_element=&#8221;height:300px;&#8221; global_colors_info=&#8221;{}&#8221; sticky_enabled=&#8221;0&#8243;][\/et_pb_fullwidth_code][\/et_pb_section][et_pb_section fb_built=&#8221;1&#8243; _builder_version=&#8221;4.17.3&#8243; background_color=&#8221;#000000&#8243; hover_enabled=&#8221;0&#8243; collapsed=&#8221;off&#8221; global_colors_info=&#8221;{}&#8221; sticky_enabled=&#8221;0&#8243;][et_pb_row column_structure=&#8221;3_5,2_5&#8243; _builder_version=&#8221;4.17.3&#8243; hover_enabled=&#8221;0&#8243; collapsed=&#8221;on&#8221; global_colors_info=&#8221;{}&#8221; sticky_enabled=&#8221;0&#8243;][et_pb_column type=&#8221;3_5&#8243; _builder_version=&#8221;4.16&#8243; global_colors_info=&#8221;{}&#8221;][et_pb_text _builder_version=&#8221;4.17.3&#8243; text_font=&#8221;Play||||||||&#8221; text_text_color=&#8221;#ffffff&#8221; text_font_size=&#8221;15px&#8221; text_line_height=&#8221;1.8em&#8221; header_2_font=&#8221;ABeeZee||||||||&#8221; header_2_text_color=&#8221;#ffffff&#8221; global_colors_info=&#8221;{}&#8221;]<\/p>\n<h2>Zesp\u00f3\u0142 prezentuje repertuar<br \/>stosowny do okoliczno\u015bci<\/h2>\n<p>Obs\u0142uga muzyczna imprez okoliczno\u015bciowych:<\/p>\n<ul>\n<li>Bankiety, imprezy zak\u0142adowe,<\/li>\n<li>Imieniny, urodziny&#8230; rozwodziny, jubileusze<\/li>\n<li>Muzyka w trakcie weselnych obiad\u00f3w<br \/>Bale Weselne oraz przyjecia weselne<\/li>\n<li>Prymicje &#8211; oprawa muzyczna na zabawie prymicyjnej<\/li>\n<li>Muzyka do \u015blubu w wykonaniu saksofonisty.<br \/>W repertuarze: Bach, Wagner, Schubert i inne dzie\u0142a<\/li>\n<li>Bale maturalne, Studni\u00f3wki, Festyny,<\/li>\n<li>Wieczory kol\u0119d i pastora\u0142ek , spotkania wigilijne dla zak\u0142ad\u00f3w, szk\u00f3\u0142 i przedszkoli<\/li>\n<\/ul>\n<p>Dzia\u0142amy na terenie ca\u0142ej Polski, a tak\u017ce za granic\u0105: Niemcy, Skandynawia (Szwecja, Norwegia&#8230;) i inne kraje<\/p>\n<p>Prowadzenie wesela w j\u0119zyku angielskim<br \/>Studyjne przygotowanie mix&#8217;\u00f3w muzycznych<\/p>\n<p>[\/et_pb_text][et_pb_code _builder_version=&#8221;4.16&#8243; _module_preset=&#8221;default&#8221; global_colors_info=&#8221;{}&#8221;] <a href=\"https:\/\/www.weselezklasa.pl\/ogloszenia-weselne\/jurek-band-zespol-na-wesele,42026\/\" target=\"_blank\" title=\"Jurek Band Zesp\u00f3\u0142 - na Wesele i nie tylko !!!\" rel=\"noopener\"><img decoding=\"async\" src=\"https:\/\/www.weselezklasa.pl\/banery\/Weselezklasa\/logo64x64przezroczystetlobordowewypelnienie.png\" alt=\"Jurek Band Zesp\u00f3\u0142 - na Wesele i nie tylko !!!\" border=\"0\" \/><\/a> [\/et_pb_code][\/et_pb_column][et_pb_column type=&#8221;2_5&#8243; _builder_version=&#8221;4.16&#8243; global_colors_info=&#8221;{}&#8221;][et_pb_text _builder_version=&#8221;4.17.3&#8243; text_font=&#8221;Play|700|||||||&#8221; text_text_color=&#8221;#000000&#8243; text_font_size=&#8221;15px&#8221; text_line_height=&#8221;1.8em&#8221; header_2_font=&#8221;ABeeZee||||||||&#8221; header_2_text_color=&#8221;#ffffff&#8221; background_color=&#8221;#fcc600&#8243; custom_padding=&#8221;25px|25px|25px|25px|true|true&#8221; global_colors_info=&#8221;{}&#8221;]<\/p>\n<p>Oferujemy r\u00f3wnie\u017c:<\/p>\n<ul>\n<li>Muzyk\u0119 mechaniczn\u0105 prezentowan\u0105 przez DJ Jerry &#8211; graj\u0105cy saksofonista<\/li>\n<\/ul>\n<p> Zesp\u00f3\u0142 wsp\u00f3\u0142pracuje w zakresie:<\/p>\n<ul>\n<li>pokazy czarnej magii,<\/li>\n<li>inni instrumentali\u015bci,<\/li>\n<li>video filmowanie i fotografia,<\/li>\n<li>pokazy barma\u0144skie,<\/li>\n<\/ul>\n<p>[\/et_pb_text][et_pb_image src=&#8221;https:\/\/jurekband.pl\/wp-content\/uploads\/2019\/11\/FGZ2.png&#8221; _builder_version=&#8221;4.16&#8243; global_colors_info=&#8221;{}&#8221;][\/et_pb_image][\/et_pb_column][\/et_pb_row][\/et_pb_section]<\/p>\n","protected":false},"excerpt":{"rendered":"<p>O NAS Historia powstania zespo\u0142u weselnego z Tr\u00f3jmiasta, w obecnym sk\u0142adzie si\u0119ga roku 2003, kiedy to zesp\u00f3\u0142 podpisa\u0142 kontrakt z Kampani\u0105 Piwowarsk\u0105 na 70 koncert\u00f3w biesiadnych dla piwa marki Tyskie pod nazw\u0105 \u201eSax &amp; Dance\u201d. Koncerty odbywa\u0142y si\u0119 w ca\u0142ym woj. pomorskim jak i w zachodniopomorskim oraz warmi\u0144sko-mazurskim, lecz Pomorze to g\u0142\u00f3wni odbiorcy naszych us\u0142ug. [&hellip;]<\/p>\n","protected":false},"author":1,"featured_media":0,"parent":0,"menu_order":0,"comment_status":"closed","ping_status":"closed","template":"","meta":{"_et_pb_use_builder":"on","_et_pb_old_content":"","_et_gb_content_width":"","footnotes":""},"class_list":["post-5","page","type-page","status-publish","hentry"],"_links":{"self":[{"href":"https:\/\/jurekband.pl\/index.php\/wp-json\/wp\/v2\/pages\/5","targetHints":{"allow":["GET"]}}],"collection":[{"href":"https:\/\/jurekband.pl\/index.php\/wp-json\/wp\/v2\/pages"}],"about":[{"href":"https:\/\/jurekband.pl\/index.php\/wp-json\/wp\/v2\/types\/page"}],"author":[{"embeddable":true,"href":"https:\/\/jurekband.pl\/index.php\/wp-json\/wp\/v2\/users\/1"}],"replies":[{"embeddable":true,"href":"https:\/\/jurekband.pl\/index.php\/wp-json\/wp\/v2\/comments?post=5"}],"version-history":[{"count":57,"href":"https:\/\/jurekband.pl\/index.php\/wp-json\/wp\/v2\/pages\/5\/revisions"}],"predecessor-version":[{"id":419,"href":"https:\/\/jurekband.pl\/index.php\/wp-json\/wp\/v2\/pages\/5\/revisions\/419"}],"wp:attachment":[{"href":"https:\/\/jurekband.pl\/index.php\/wp-json\/wp\/v2\/media?parent=5"}],"curies":[{"name":"wp","href":"https:\/\/api.w.org\/{rel}","templated":true}]}}