{"id":6,"date":"2019-10-10T14:15:27","date_gmt":"2019-10-10T12:15:27","guid":{"rendered":"http:\/\/jurekband.pl\/index.php\/demo\/"},"modified":"2019-12-06T15:30:50","modified_gmt":"2019-12-06T14:30:50","slug":"demo","status":"publish","type":"page","link":"https:\/\/jurekband.pl\/index.php\/demo\/","title":{"rendered":"Demo"},"content":{"rendered":"<p>[et_pb_section fb_built=&#8221;1&#8243; fullwidth=&#8221;on&#8221; admin_label=&#8221;Header Section&#8221; _builder_version=&#8221;3.27.4&#8243; background_image=&#8221;http:\/\/jurekband.pl\/wp-content\/uploads\/2019\/10\/Wesele_fotografia-\u015blubna-Reda-Gdynia-Gda\u0144sk-Tr\u00f3jmiasto-Foto-Film-Atelier-111.jpg&#8221; custom_padding=&#8221;22vh||22vh||true|false&#8221; top_divider_color=&#8221;rgba(255,255,255,0.6)&#8221; top_divider_height=&#8221;30%&#8221; fb_built=&#8221;1&#8243; _i=&#8221;0&#8243; _address=&#8221;0&#8243;][et_pb_fullwidth_header title=&#8221;Artystyczna obs\u0142uga imprez&#8221; subhead=&#8221;Jurek Band&#8221; text_orientation=&#8221;center&#8221; header_scroll_down=&#8221;on&#8221; scroll_down_icon=&#8221;%%1%%&#8221; scroll_down_icon_color=&#8221;#ffffff&#8221; _builder_version=&#8221;3.27.4&#8243; title_level=&#8221;h2&#8243; title_font=&#8221;Rubik|700||on|||||&#8221; title_text_color=&#8221;#fcc600&#8243; title_font_size=&#8221;16px&#8221; title_letter_spacing=&#8221;5px&#8221; title_line_height=&#8221;2em&#8221; content_font=&#8221;Rubik||||||||&#8221; content_text_color=&#8221;#ffffff&#8221; content_font_size=&#8221;18px&#8221; content_line_height=&#8221;2em&#8221; subhead_font=&#8221;Rubik|700|||||||&#8221; subhead_text_color=&#8221;#ffffff&#8221; subhead_font_size=&#8221;50px&#8221; subhead_line_height=&#8221;1.4em&#8221; background_color=&#8221;rgba(0,0,0,0.53)&#8221; background_enable_image=&#8221;off&#8221; background_size=&#8221;contain&#8221; background_position=&#8221;bottom_center&#8221; custom_button_one=&#8221;on&#8221; button_one_text_size=&#8221;16px&#8221; button_one_text_color=&#8221;#000000&#8243; button_one_bg_color=&#8221;#fcc600&#8243; button_one_border_width=&#8221;15px&#8221; button_one_border_color=&#8221;rgba(210,159,104,0)&#8221; button_one_border_radius=&#8221;100px&#8221; button_one_letter_spacing=&#8221;0px&#8221; button_one_font=&#8221;Rubik|700|||||||&#8221; button_one_use_icon=&#8221;off&#8221; custom_button_two=&#8221;on&#8221; button_two_text_size=&#8221;16px&#8221; button_two_text_color=&#8221;#ffffff&#8221; button_two_bg_color=&#8221;rgba(0,0,0,0.6)&#8221; button_two_border_width=&#8221;15px&#8221; button_two_border_color=&#8221;rgba(210,159,104,0)&#8221; button_two_border_radius=&#8221;100px&#8221; button_two_letter_spacing=&#8221;0px&#8221; button_two_font=&#8221;Rubik|700|||||||&#8221; button_two_use_icon=&#8221;off&#8221; box_shadow_style=&#8221;preset6&#8243; box_shadow_vertical=&#8221;-10px&#8221; box_shadow_color=&#8221;rgba(0,0,0,0.2)&#8221; background_layout=&#8221;light&#8221; custom_margin=&#8221;|||&#8221; animation_style=&#8221;slide&#8221; animation_direction=&#8221;bottom&#8221; animation_intensity_slide=&#8221;1%&#8221; content_font_size_phone=&#8221;16px&#8221; content_font_size_last_edited=&#8221;on|phone&#8221; subhead_font_size_phone=&#8221;30px&#8221; subhead_font_size_last_edited=&#8221;on|phone&#8221; button_one_border_radius_hover=&#8221;100px&#8221; button_two_border_radius_hover=&#8221;100px&#8221; button_one_bg_color_hover=&#8221;#ff8a70&#8243; button_two_bg_color_hover=&#8221;#ff8a70&#8243; _i=&#8221;0&#8243; _address=&#8221;0.0&#8243; button_one_text_size__hover_enabled=&#8221;off&#8221; button_two_text_size__hover_enabled=&#8221;off&#8221; button_one_text_color__hover_enabled=&#8221;off&#8221; button_two_text_color__hover_enabled=&#8221;off&#8221; button_one_border_width__hover_enabled=&#8221;off&#8221; button_two_border_width__hover_enabled=&#8221;off&#8221; button_one_border_color__hover_enabled=&#8221;off&#8221; button_two_border_color__hover_enabled=&#8221;off&#8221; button_one_border_radius__hover_enabled=&#8221;on&#8221; button_one_border_radius__hover=&#8221;100px&#8221; button_two_border_radius__hover_enabled=&#8221;on&#8221; button_two_border_radius__hover=&#8221;100px&#8221; button_one_letter_spacing__hover_enabled=&#8221;off&#8221; button_two_letter_spacing__hover_enabled=&#8221;off&#8221; button_one_bg_color__hover_enabled=&#8221;on&#8221; button_one_bg_color__hover=&#8221;#ff8a70&#8243; button_two_bg_color__hover_enabled=&#8221;on&#8221; button_two_bg_color__hover=&#8221;#ff8a70&#8243; button_one_bg_enable_color=&#8221;on&#8221;][\/et_pb_fullwidth_header][\/et_pb_section][et_pb_section fb_built=&#8221;1&#8243; _builder_version=&#8221;3.27.4&#8243; background_color=&#8221;#000000&#8243; fb_built=&#8221;1&#8243; _i=&#8221;1&#8243; _address=&#8221;1&#8243;][et_pb_row _builder_version=&#8221;3.27.4&#8243; custom_padding=&#8221;||41px|||&#8221; _i=&#8221;0&#8243; _address=&#8221;1.0&#8243;][et_pb_column type=&#8221;4_4&#8243; _builder_version=&#8221;3.27.4&#8243; _i=&#8221;0&#8243; _address=&#8221;1.0.0&#8243;][et_pb_text _builder_version=&#8221;3.27.4&#8243; text_font=&#8221;Play||||||||&#8221; text_text_color=&#8221;#ffffff&#8221; text_font_size=&#8221;15px&#8221; text_line_height=&#8221;1.8em&#8221; header_2_font=&#8221;ABeeZee||||||||&#8221; header_2_text_color=&#8221;#ffffff&#8221; _i=&#8221;0&#8243; _address=&#8221;1.0.0.0&#8243;]<\/p>\n<h2>DEMO<\/h2>\n<p>[\/et_pb_text][et_pb_audio audio=&#8221;http:\/\/jurekband.pl\/wp-content\/uploads\/2019\/10\/Diana.mp3&#8243; title=&#8221;Diana&#8221; _builder_version=&#8221;3.27.4&#8243; background_color=&#8221;#000000&#8243; _i=&#8221;1&#8243; _address=&#8221;1.0.0.1&#8243;][\/et_pb_audio][et_pb_audio audio=&#8221;http:\/\/jurekband.pl\/wp-content\/uploads\/2019\/10\/Follow-River1.mp3&#8243; title=&#8221;Follow River1&#8243; _builder_version=&#8221;3.27.4&#8243; background_color=&#8221;#000000&#8243; _i=&#8221;2&#8243; _address=&#8221;1.0.0.2&#8243;][\/et_pb_audio][et_pb_audio audio=&#8221;http:\/\/jurekband.pl\/wp-content\/uploads\/2019\/10\/Get-Lucky.mp3&#8243; title=&#8221;Get Lucky&#8221; _builder_version=&#8221;3.27.4&#8243; background_color=&#8221;#000000&#8243; _i=&#8221;3&#8243; _address=&#8221;1.0.0.3&#8243;][\/et_pb_audio][et_pb_audio audio=&#8221;http:\/\/jurekband.pl\/wp-content\/uploads\/2019\/10\/I-have-nothing.mp3&#8243; title=&#8221;I have nothing&#8221; _builder_version=&#8221;3.27.4&#8243; background_color=&#8221;#000000&#8243; _i=&#8221;4&#8243; _address=&#8221;1.0.0.4&#8243;][\/et_pb_audio][et_pb_audio audio=&#8221;http:\/\/jurekband.pl\/wp-content\/uploads\/2019\/10\/Johny-be-Good-pl.mp3&#8243; title=&#8221;Johny be Good pl&#8221; _builder_version=&#8221;3.27.4&#8243; background_color=&#8221;#000000&#8243; _i=&#8221;5&#8243; _address=&#8221;1.0.0.5&#8243;][\/et_pb_audio][et_pb_audio audio=&#8221;http:\/\/jurekband.pl\/wp-content\/uploads\/2019\/10\/Morena.mp3&#8243; title=&#8221;Morena&#8221; _builder_version=&#8221;3.27.4&#8243; background_color=&#8221;#000000&#8243; hover_enabled=&#8221;0&#8243; _i=&#8221;7&#8243; _address=&#8221;1.0.0.7&#8243;][\/et_pb_audio][et_pb_audio audio=&#8221;http:\/\/jurekband.pl\/wp-content\/uploads\/2019\/10\/Rock-Music.mp3&#8243; title=&#8221;Rock Music&#8221; _builder_version=&#8221;3.27.4&#8243; background_color=&#8221;#000000&#8243; _i=&#8221;8&#8243; _address=&#8221;1.0.0.8&#8243;][\/et_pb_audio][et_pb_audio audio=&#8221;http:\/\/jurekband.pl\/wp-content\/uploads\/2019\/10\/Rock-and-roll-is-king.mp3&#8243; title=&#8221;Rock and roll is king&#8221; _builder_version=&#8221;3.27.4&#8243; background_color=&#8221;#000000&#8243; _i=&#8221;9&#8243; _address=&#8221;1.0.0.9&#8243;][\/et_pb_audio][et_pb_audio audio=&#8221;http:\/\/jurekband.pl\/wp-content\/uploads\/2019\/10\/See-you-later.mp3&#8243; title=&#8221;See you later&#8221; _builder_version=&#8221;3.27.4&#8243; background_color=&#8221;#000000&#8243; _i=&#8221;10&#8243; _address=&#8221;1.0.0.10&#8243;][\/et_pb_audio][et_pb_audio audio=&#8221;http:\/\/jurekband.pl\/wp-content\/uploads\/2019\/10\/Stop-messing-around.mp3&#8243; title=&#8221;Stop messing around&#8221; _builder_version=&#8221;3.27.4&#8243; background_color=&#8221;#000000&#8243; hover_enabled=&#8221;0&#8243; _i=&#8221;11&#8243; _address=&#8221;1.0.0.11&#8243;][\/et_pb_audio][et_pb_audio audio=&#8221;http:\/\/jurekband.pl\/wp-content\/uploads\/2019\/10\/Stumblin-in.mp3&#8243; title=&#8221;Stumblin in&#8221; _builder_version=&#8221;3.27.4&#8243; background_color=&#8221;#000000&#8243; hover_enabled=&#8221;0&#8243; _i=&#8221;12&#8243; _address=&#8221;1.0.0.12&#8243;][\/et_pb_audio][et_pb_audio audio=&#8221;http:\/\/jurekband.pl\/wp-content\/uploads\/2019\/10\/Szklanka-wody.mp3&#8243; title=&#8221;Szklanka wody&#8221; _builder_version=&#8221;3.27.4&#8243; background_color=&#8221;#000000&#8243; hover_enabled=&#8221;0&#8243; _i=&#8221;13&#8243; _address=&#8221;1.0.0.13&#8243;][\/et_pb_audio][et_pb_audio audio=&#8221;http:\/\/jurekband.pl\/wp-content\/uploads\/2019\/10\/Walk-Of-life.mp3&#8243; title=&#8221;Walk Of life&#8221; _builder_version=&#8221;3.27.4&#8243; background_color=&#8221;#000000&#8243; hover_enabled=&#8221;0&#8243; _i=&#8221;14&#8243; _address=&#8221;1.0.0.14&#8243;][\/et_pb_audio][et_pb_audio audio=&#8221;http:\/\/jurekband.pl\/wp-content\/uploads\/2019\/10\/Beacker-streat.mp3&#8243; title=&#8221;Beacker streat&#8221; _builder_version=&#8221;3.27.4&#8243; background_color=&#8221;#000000&#8243; _i=&#8221;15&#8243; _address=&#8221;1.0.0.15&#8243;][\/et_pb_audio][et_pb_audio audio=&#8221;http:\/\/jurekband.pl\/wp-content\/uploads\/2019\/10\/Cos-optymistycznego_ok_1.mp3&#8243; title=&#8221;Cos optymistycznego&#8221; _builder_version=&#8221;3.27.4&#8243; background_color=&#8221;#000000&#8243; hover_enabled=&#8221;0&#8243; _i=&#8221;17&#8243; _address=&#8221;1.0.0.17&#8243;][\/et_pb_audio][et_pb_audio audio=&#8221;http:\/\/jurekband.pl\/wp-content\/uploads\/2019\/10\/Cykady_1-z-real-gitara.mp3&#8243; title=&#8221;Cykady&#8221; _builder_version=&#8221;3.27.4&#8243; background_color=&#8221;#000000&#8243; hover_enabled=&#8221;0&#8243; _i=&#8221;18&#8243; _address=&#8221;1.0.0.18&#8243;][\/et_pb_audio][\/et_pb_column][\/et_pb_row][\/et_pb_section][et_pb_section fb_built=&#8221;1&#8243; custom_padding_last_edited=&#8221;on|desktop&#8221; admin_label=&#8221;3 Buttons&#8221; _builder_version=&#8221;3.22&#8243; custom_padding=&#8221;0||0|50%|false|false&#8221; custom_padding_tablet=&#8221;|10%||10%&#8221; fb_built=&#8221;1&#8243; _i=&#8221;2&#8243; _address=&#8221;2&#8243;][et_pb_row column_structure=&#8221;1_2,1_2&#8243; use_custom_gutter=&#8221;on&#8221; gutter_width=&#8221;1&#8243; custom_padding_last_edited=&#8221;off|desktop&#8221; _builder_version=&#8221;3.27.4&#8243; border_radii=&#8221;||||80px&#8221; width=&#8221;100%&#8221; max_width=&#8221;100%&#8221; custom_margin=&#8221;|||&#8221; custom_padding=&#8221;0px||0px||true|false&#8221; custom_padding_tablet=&#8221;20px|||&#8221; animation_style=&#8221;slide&#8221; animation_direction=&#8221;top&#8221; animation_delay=&#8221;200ms&#8221; use_custom_width=&#8221;on&#8221; width_unit=&#8221;off&#8221; custom_width_percent=&#8221;100%&#8221; _i=&#8221;0&#8243; _address=&#8221;2.0&#8243;][et_pb_column type=&#8221;1_2&#8243; _builder_version=&#8221;3.27.4&#8243; background_color=&#8221;#000000&#8243; custom_padding=&#8221;|||&#8221; _i=&#8221;0&#8243; _address=&#8221;2.0.0&#8243; custom_padding__hover=&#8221;|||&#8221;][et_pb_blurb title=&#8221;+48 501 097 117&#8243; url=&#8221;#&#8221; _builder_version=&#8221;3.27.4&#8243; header_font=&#8221;Rubik||||||||&#8221; background_color=&#8221;#000000&#8243; text_orientation=&#8221;center&#8221; background_layout=&#8221;dark&#8221; custom_margin=&#8221;|||&#8221; custom_padding=&#8221;40px|20px|30px|20px|false|true&#8221; custom_padding_tablet=&#8221;20px||10px|&#8221; custom_padding_last_edited=&#8221;on|desktop&#8221; _i=&#8221;0&#8243; _address=&#8221;2.0.0.0&#8243;][\/et_pb_blurb][\/et_pb_column][et_pb_column type=&#8221;1_2&#8243; _builder_version=&#8221;3.25&#8243; custom_padding=&#8221;|||&#8221; _i=&#8221;1&#8243; _address=&#8221;2.0.1&#8243; custom_padding__hover=&#8221;|||&#8221;][et_pb_blurb title=&#8221;jurek_band@wp.pl&#8221; url=&#8221;#&#8221; _builder_version=&#8221;3.27.4&#8243; header_font=&#8221;Rubik||||||||&#8221; header_text_color=&#8221;#000000&#8243; background_color=&#8221;#fcc600&#8243; text_orientation=&#8221;center&#8221; background_layout=&#8221;dark&#8221; custom_margin=&#8221;|||&#8221; custom_padding=&#8221;40px|20px|30px|20px|false|true&#8221; custom_padding_tablet=&#8221;20px||10px|&#8221; custom_padding_last_edited=&#8221;on|desktop&#8221; locked=&#8221;off&#8221; _i=&#8221;0&#8243; _address=&#8221;2.0.1.0&#8243;][\/et_pb_blurb][\/et_pb_column][\/et_pb_row][\/et_pb_section][et_pb_section fb_built=&#8221;1&#8243; fullwidth=&#8221;on&#8221; _builder_version=&#8221;3.27.4&#8243; background_image=&#8221;http:\/\/jurekband.pl\/wp-content\/uploads\/2019\/10\/Wesele_fotografia-\u015blubna-Reda-Gdynia-Gda\u0144sk-Tr\u00f3jmiasto-Foto-Film-Atelier-202.jpg&#8221; parallax=&#8221;on&#8221; parallax_method=&#8221;off&#8221; global_module=&#8221;95&#8243; saved_tabs=&#8221;all&#8221; fb_built=&#8221;1&#8243; _i=&#8221;4&#8243; _address=&#8221;4&#8243;][et_pb_fullwidth_code _builder_version=&#8221;3.27.4&#8243; custom_css_main_element=&#8221;height:300px;&#8221; _i=&#8221;0&#8243; _address=&#8221;3.0&#8243;][\/et_pb_fullwidth_code][\/et_pb_section][et_pb_section fb_built=&#8221;1&#8243; _builder_version=&#8221;3.27.4&#8243; background_color=&#8221;#000000&#8243; global_module=&#8221;96&#8243; saved_tabs=&#8221;all&#8221; fb_built=&#8221;1&#8243; _i=&#8221;5&#8243; _address=&#8221;5&#8243;][et_pb_row column_structure=&#8221;1_3,1_3,1_3&#8243; _builder_version=&#8221;3.27.4&#8243; _i=&#8221;0&#8243; _address=&#8221;4.0&#8243;][et_pb_column type=&#8221;1_3&#8243; _builder_version=&#8221;3.27.4&#8243; _i=&#8221;0&#8243; _address=&#8221;4.0.0&#8243;][et_pb_text _builder_version=&#8221;3.27.4&#8243; text_font=&#8221;Play||||||||&#8221; text_text_color=&#8221;#ffffff&#8221; text_font_size=&#8221;15px&#8221; text_line_height=&#8221;1.8em&#8221; header_2_font=&#8221;ABeeZee||||||||&#8221; header_2_text_color=&#8221;#ffffff&#8221; _i=&#8221;0&#8243; _address=&#8221;4.0.0.0&#8243;]<\/p>\n<h2>Zesp\u00f3\u0142 prezentuje repertuar <br \/>stosowny do okoliczno\u015bci<\/h2>\n<p>Obs\u0142uga muzyczna imprez okoliczno\u015bciowych:<\/p>\n<ul>\n<li>Bankiety, imprezy zak\u0142adowe,<\/li>\n<li>Imieniny, urodziny&#8230; rozwodziny, jubileusze<\/li>\n<li>Muzyka w trakcie weselnych obiad\u00f3w<br \/> Bale Weselne oraz przyjecia weselne<\/li>\n<li>Prymicje &#8211; oprawa muzyczna na zabawie prymicyjnej<\/li>\n<li>Muzyka do \u015blubu w wykonaniu saksofonisty. <br \/>W repertuarze: Bach, Wagner, Schubert i inne dzie\u0142a<\/li>\n<li>Bale maturalne, Studni\u00f3wki, Festyny,<\/li>\n<li>Wieczory kol\u0119d i pastora\u0142ek , spotkania wigilijne dla zak\u0142ad\u00f3w, szk\u00f3\u0142 i przedszkoli<\/li>\n<\/ul>\n<p>Dzia\u0142amy na terenie ca\u0142ej Polski, a tak\u017ce za granic\u0105: Niemcy, Skandynawia (Szwecja, Norwegia&#8230;) i inne kraje<\/p>\n<p>Prowadzenie wesela w j\u0119zyku angielskim<br \/> Studyjne przygotowanie mix&#8217;\u00f3w muzycznych<\/p>\n<p>[\/et_pb_text][\/et_pb_column][et_pb_column type=&#8221;1_3&#8243; _builder_version=&#8221;3.27.4&#8243; _i=&#8221;1&#8243; _address=&#8221;4.0.1&#8243;][et_pb_text _builder_version=&#8221;3.27.4&#8243; text_font=&#8221;Play|700|||||||&#8221; text_text_color=&#8221;#000000&#8243; text_font_size=&#8221;15px&#8221; text_line_height=&#8221;1.8em&#8221; header_2_font=&#8221;ABeeZee||||||||&#8221; header_2_text_color=&#8221;#ffffff&#8221; background_color=&#8221;#fcc600&#8243; custom_padding=&#8221;25px|25px|25px|25px|true|true&#8221; _i=&#8221;0&#8243; _address=&#8221;4.0.1.0&#8243;]<\/p>\n<p>Oferujemy r\u00f3wnie\u017c:<\/p>\n<ul>\n<li>Muzyk\u0119 mechaniczn\u0105 prezentowan\u0105 przez DJ Jerry &#8211; graj\u0105cy saksofonista<\/li>\n<\/ul>\n<p> Zesp\u00f3\u0142 wsp\u00f3\u0142pracuje w zakresie:<\/p>\n<ul>\n<li>pokazy czarnej magii,<\/li>\n<li>inni instrumentali\u015bci,<\/li>\n<li>video filmowanie i fotografia,<\/li>\n<li>pokazy barma\u0144skie,<\/li>\n<\/ul>\n<p>[\/et_pb_text][\/et_pb_column][et_pb_column type=&#8221;1_3&#8243; _builder_version=&#8221;3.27.4&#8243; _i=&#8221;2&#8243; _address=&#8221;4.0.2&#8243;][et_pb_image src=&#8221;http:\/\/jurekband.pl\/wp-content\/uploads\/2019\/11\/FGZ2.png&#8221; _builder_version=&#8221;3.27.4&#8243; background_color=&#8221;#ffffff&#8221; custom_padding=&#8221;35px|35px|35px|35px|true|true&#8221; _i=&#8221;0&#8243; _address=&#8221;4.0.2.0&#8243;][\/et_pb_image][\/et_pb_column][\/et_pb_row][\/et_pb_section]<\/p>\n","protected":false},"excerpt":{"rendered":"<p>DEMOZesp\u00f3\u0142 prezentuje repertuar stosowny do okoliczno\u015bci Obs\u0142uga muzyczna imprez okoliczno\u015bciowych: Bankiety, imprezy zak\u0142adowe, Imieniny, urodziny&#8230; rozwodziny, jubileusze Muzyka w trakcie weselnych obiad\u00f3w Bale Weselne oraz przyjecia weselne Prymicje &#8211; oprawa muzyczna na zabawie prymicyjnej Muzyka do \u015blubu w wykonaniu saksofonisty. W repertuarze: Bach, Wagner, Schubert i inne dzie\u0142a Bale maturalne, Studni\u00f3wki, Festyny, Wieczory kol\u0119d i [&hellip;]<\/p>\n","protected":false},"author":1,"featured_media":0,"parent":0,"menu_order":0,"comment_status":"closed","ping_status":"closed","template":"","meta":{"_et_pb_use_builder":"on","_et_pb_old_content":"","_et_gb_content_width":"","footnotes":""},"class_list":["post-6","page","type-page","status-publish","hentry"],"_links":{"self":[{"href":"https:\/\/jurekband.pl\/index.php\/wp-json\/wp\/v2\/pages\/6","targetHints":{"allow":["GET"]}}],"collection":[{"href":"https:\/\/jurekband.pl\/index.php\/wp-json\/wp\/v2\/pages"}],"about":[{"href":"https:\/\/jurekband.pl\/index.php\/wp-json\/wp\/v2\/types\/page"}],"author":[{"embeddable":true,"href":"https:\/\/jurekband.pl\/index.php\/wp-json\/wp\/v2\/users\/1"}],"replies":[{"embeddable":true,"href":"https:\/\/jurekband.pl\/index.php\/wp-json\/wp\/v2\/comments?post=6"}],"version-history":[{"count":6,"href":"https:\/\/jurekband.pl\/index.php\/wp-json\/wp\/v2\/pages\/6\/revisions"}],"predecessor-version":[{"id":212,"href":"https:\/\/jurekband.pl\/index.php\/wp-json\/wp\/v2\/pages\/6\/revisions\/212"}],"wp:attachment":[{"href":"https:\/\/jurekband.pl\/index.php\/wp-json\/wp\/v2\/media?parent=6"}],"curies":[{"name":"wp","href":"https:\/\/api.w.org\/{rel}","templated":true}]}}