{"id":8,"date":"2019-10-10T14:15:27","date_gmt":"2019-10-10T12:15:27","guid":{"rendered":"http:\/\/jurekband.pl\/index.php\/opinie\/"},"modified":"2022-12-04T19:05:20","modified_gmt":"2022-12-04T18:05:20","slug":"opinie","status":"publish","type":"page","link":"https:\/\/jurekband.pl\/index.php\/opinie\/","title":{"rendered":"Opinie"},"content":{"rendered":"<p>[et_pb_section fb_built=&#8221;1&#8243; fullwidth=&#8221;on&#8221; admin_label=&#8221;Header Section&#8221; _builder_version=&#8221;4.16&#8243; background_image=&#8221;https:\/\/jurekband.pl\/wp-content\/uploads\/2019\/10\/Wesele_fotografia-\u015blubna-Reda-Gdynia-Gda\u0144sk-Tr\u00f3jmiasto-Foto-Film-Atelier-111.jpg&#8221; custom_padding=&#8221;22vh||22vh||true|false&#8221; top_divider_color=&#8221;rgba(255,255,255,0.6)&#8221; top_divider_height=&#8221;30%&#8221; global_colors_info=&#8221;{}&#8221;][et_pb_fullwidth_header title=&#8221;Artystyczna obs\u0142uga imprez&#8221; subhead=&#8221;Jurek Band&#8221; text_orientation=&#8221;center&#8221; header_scroll_down=&#8221;on&#8221; scroll_down_icon=&#8221;%%1%%&#8221; scroll_down_icon_color=&#8221;#ffffff&#8221; _builder_version=&#8221;4.16&#8243; title_level=&#8221;h2&#8243; title_font=&#8221;Rubik|700||on|||||&#8221; title_text_color=&#8221;#fcc600&#8243; title_font_size=&#8221;16px&#8221; title_letter_spacing=&#8221;5px&#8221; title_line_height=&#8221;2em&#8221; content_font=&#8221;Rubik||||||||&#8221; content_text_color=&#8221;#ffffff&#8221; content_font_size=&#8221;18px&#8221; content_line_height=&#8221;2em&#8221; subhead_font=&#8221;Rubik|700|||||||&#8221; subhead_text_color=&#8221;#ffffff&#8221; subhead_font_size=&#8221;50px&#8221; subhead_line_height=&#8221;1.4em&#8221; background_color=&#8221;rgba(0,0,0,0.53)&#8221; background_enable_image=&#8221;off&#8221; background_size=&#8221;contain&#8221; background_position=&#8221;bottom_center&#8221; custom_button_one=&#8221;on&#8221; button_one_text_size=&#8221;16px&#8221; button_one_text_color=&#8221;#000000&#8243; button_one_bg_color=&#8221;#fcc600&#8243; button_one_border_width=&#8221;15px&#8221; button_one_border_color=&#8221;rgba(210,159,104,0)&#8221; button_one_border_radius=&#8221;100px&#8221; button_one_letter_spacing=&#8221;0px&#8221; button_one_font=&#8221;Rubik|700|||||||&#8221; button_one_use_icon=&#8221;off&#8221; custom_button_two=&#8221;on&#8221; button_two_text_size=&#8221;16px&#8221; button_two_text_color=&#8221;#ffffff&#8221; button_two_bg_color=&#8221;rgba(0,0,0,0.6)&#8221; button_two_border_width=&#8221;15px&#8221; button_two_border_color=&#8221;rgba(210,159,104,0)&#8221; button_two_border_radius=&#8221;100px&#8221; button_two_letter_spacing=&#8221;0px&#8221; button_two_font=&#8221;Rubik|700|||||||&#8221; button_two_use_icon=&#8221;off&#8221; background_layout=&#8221;light&#8221; custom_margin=&#8221;|||&#8221; animation_style=&#8221;slide&#8221; animation_direction=&#8221;bottom&#8221; animation_intensity_slide=&#8221;1%&#8221; content_font_size_tablet=&#8221;&#8221; content_font_size_phone=&#8221;16px&#8221; content_font_size_last_edited=&#8221;on|phone&#8221; subhead_font_size_tablet=&#8221;&#8221; subhead_font_size_phone=&#8221;30px&#8221; subhead_font_size_last_edited=&#8221;on|phone&#8221; box_shadow_style=&#8221;preset6&#8243; box_shadow_vertical=&#8221;-10px&#8221; box_shadow_color=&#8221;rgba(0,0,0,0.2)&#8221; button_one_border_radius_hover=&#8221;100px&#8221; button_two_border_radius_hover=&#8221;100px&#8221; button_one_bg_color_hover=&#8221;#ff8a70&#8243; button_two_bg_color_hover=&#8221;#ff8a70&#8243; global_colors_info=&#8221;{}&#8221; button_one_text_size__hover_enabled=&#8221;off&#8221; button_two_text_size__hover_enabled=&#8221;off&#8221; button_one_text_color__hover_enabled=&#8221;off&#8221; button_two_text_color__hover_enabled=&#8221;off&#8221; button_one_border_width__hover_enabled=&#8221;off&#8221; button_two_border_width__hover_enabled=&#8221;off&#8221; button_one_border_color__hover_enabled=&#8221;off&#8221; button_two_border_color__hover_enabled=&#8221;off&#8221; button_one_border_radius__hover_enabled=&#8221;on&#8221; button_one_border_radius__hover=&#8221;100px&#8221; button_two_border_radius__hover_enabled=&#8221;on&#8221; button_two_border_radius__hover=&#8221;100px&#8221; button_one_letter_spacing__hover_enabled=&#8221;off&#8221; button_two_letter_spacing__hover_enabled=&#8221;off&#8221; button_one_bg_color__hover_enabled=&#8221;on&#8221; button_one_bg_color__hover=&#8221;#ff8a70&#8243; button_two_bg_color__hover_enabled=&#8221;on&#8221; button_two_bg_color__hover=&#8221;#ff8a70&#8243;][\/et_pb_fullwidth_header][\/et_pb_section][et_pb_section fb_built=&#8221;1&#8243; _builder_version=&#8221;4.16&#8243; background_color=&#8221;#000000&#8243; global_colors_info=&#8221;{}&#8221;][et_pb_row _builder_version=&#8221;4.16&#8243; custom_padding=&#8221;||41px|||&#8221; global_colors_info=&#8221;{}&#8221;][et_pb_column type=&#8221;4_4&#8243; _builder_version=&#8221;4.16&#8243; global_colors_info=&#8221;{}&#8221;][et_pb_text _builder_version=&#8221;4.19.2&#8243; text_font=&#8221;Play||||||||&#8221; text_text_color=&#8221;#ffffff&#8221; text_font_size=&#8221;15px&#8221; text_line_height=&#8221;1.8em&#8221; header_2_font=&#8221;ABeeZee||||||||&#8221; header_2_text_color=&#8221;#ffffff&#8221; global_colors_info=&#8221;{}&#8221;]<\/p>\n<h2>Opinie<\/h2>\n<p>[\/et_pb_text][et_pb_text _builder_version=&#8221;4.16&#8243; text_font=&#8221;Play||||||||&#8221; text_text_color=&#8221;#ffffff&#8221; text_font_size=&#8221;15px&#8221; text_line_height=&#8221;1.8em&#8221; header_2_font=&#8221;ABeeZee||||||||&#8221; header_2_text_color=&#8221;#ffffff&#8221; hover_enabled=&#8221;0&#8243; global_colors_info=&#8221;{}&#8221; sticky_enabled=&#8221;0&#8243;]<\/p>\n<p>Fakt istnienia zak\u0142adki &#8220;Opinie&#8221; \u015bwiadczy o tym, \u017ce profesjonalne podej\u015bcie zespo\u0142u i zaanga\u017cowaniu w u\u015bwietnienie ka\u017cdej imprezy jest nasz\u0105 misj\u0105. Zadowolenie klienta z naszych us\u0142ug jest rzecz\u0105 nadrz\u0119dn\u0105, zdajemy sobie spraw\u0119 z powagi powierzonego nam zadania. Zak\u0142adka ta jest lustrem Waszych dobrych lub z\u0142ych odczu\u0107 na nasz temat. Ka\u017cda opinia jest dla nas bardzo wa\u017cna. Uwaga ! Anonim\u00f3w system niestety nie przyjmuje.\u00a0<\/p>\n<p><span><strong>Poni\u017csze forum jest dl<\/strong><\/span><span><strong>a wszystkich u kogo grali\u015bmy, a chcieliby wyrazi\u0107 swoj\u0105 opini\u0119 na nasz temat.\u00a0<br \/><\/strong><\/span><\/p>\n<p>Za wszystkie opinie serdecznie dzi\u0119kujemy, a z naszej strony gwarantujemy, \u017ce pozostaniecie w naszej pam\u0119ci za mi\u0142e towarzystwo, za wspania\u0142\u0105 zabaw\u0119 go\u015bci, za go\u015bcin\u0119, a przede wszystkim za stworzenie niezwykle podnios\u0142ej atmosfery.<\/p>\n<p>Dla niezdecydowanych kilka opinii o zespole z forum www.Tr\u00f3jmiasto.pl, mo\u017ce one co\u015b pomog\u0105:<\/p>\n<p><span>\u00a0<\/span><a href=\"http:\/\/forum.trojmiasto.pl\/Zespol-prosze-opinie-t464476,1,11.html\"><span>http:\/\/forum.trojmiasto.pl\/Zespol-prosze-opinie-t464476,1,11.html<\/span><\/a><\/p>\n<p><a href=\"http:\/\/forum.trojmiasto.pl\/zespol-jurek-band-t178850,1,11.html\"><span>http:\/\/forum.trojmiasto.pl\/zespol-jurek-band-t178850,1,11.html<\/span><\/a><span><br \/><\/span><\/p>\n<p><a href=\"http:\/\/forum.trojmiasto.pl\/Jurek-band-t70643,1,11.html\"><span>http:\/\/forum.trojmiasto.pl\/Jurek-band-t70643,1,11.html<\/span><\/a><span><br \/><\/span><\/p>\n<p><a href=\"http:\/\/forum.trojmiasto.pl\/Jurek-Band-nowe-opinie-t494267,1,170.html\"><span>http:\/\/forum.trojmiasto.pl\/Jurek-Band-nowe-opinie-t494267,1,170.html<\/span><\/a><\/p>\n<p>\u00a0<a href=\"http:\/\/www.jurekband.pl\/opinie.php?akcja=dodaj\" onfocus=\"blur();\" class=\"link\"><\/a><\/p>\n<table border=\"0\" cellspacing=\"0\" cellpadding=\"5\">\n<tbody>\n<tr>\n<td><b>Autor:<\/b><span>\u00a0<\/span>Martyna Sebastian Bro\u017cek<\/td>\n<\/tr>\n<tr>\n<td><b>Adres e-mail:<\/b><span>\u00a0<\/span><a href=\"mailto:prosebz@gmail.com\" class=\"emailopinie\" onfocus=\"blur();\">prosebz@gmail.com<\/a><\/td>\n<\/tr>\n<tr>\n<td><i><br \/>Pocz\u0105tek konwersacji na czacie<br \/>00:20<br \/>Witamy Was serdecznie, dzi\u0119kowali\u015bmy na \u017cywo, ale nie wytrzymali\u015bmy i musieli\u015bmy napisa\u0107 tutaj. Jeste\u015bmy bardzo wdzi\u0119czni za przepi\u0119kn\u0105 opraw\u0119 w ko\u015bciele, i za \u015bwietnie bombow\u0105 wybuchow\u0105 zabaw\u0119 na sali oraz mega \u015bmieszne i pomys\u0142owe oczepiny. Opinie jakie us\u0142yszeli\u015bmy od go\u015bci o Was \u015bwiadcz\u0105 o Waszym profesjonali\u017amie. Bardzo si\u0119 cieszymy, \u017ce wybrali\u015bmy w\u0142a\u015bnie Was i zapami\u0119tamy to na lata. Mamy nadziej\u0119, \u017ce uda nam si\u0119 pos\u0142ucha\u0107 Was kolejny raz na \u017cywo. Pozdrawiamy serdecznie Martyna i Sebastian Bro\u017cek<\/i><\/td>\n<\/tr>\n<tr>\n<td><b>Ocena:<span>\u00a0<\/span><\/b>5\/5<\/td>\n<\/tr>\n<tr>\n<td height=\"10\">\u00a0<\/td>\n<\/tr>\n<tr>\n<td><b>Autor:<\/b><span>\u00a0<\/span>Agata Pastucha<\/td>\n<\/tr>\n<tr>\n<td><b>Adres e-mail:<\/b><span>\u00a0<\/span><a href=\"mailto:agata@pastucha.pl\" class=\"emailopinie\" onfocus=\"blur();\">agata@pastucha.pl<\/a><\/td>\n<\/tr>\n<tr>\n<td><i>REWELACYJNY zesp\u00f3\u0142 muzyczny, Jurek Band gra\u0142 na Naszym weselu 28 maja 2016r., parkiet by\u0142 pe\u0142ny od samego obiadu a\u017c do 4 rano (ko\u0144ca wesela) &#8211; a nie bawi\u0105cy si\u0119 go\u015bcie weselu najbardziej sp\u0119dza\u0142 mi sen z powiek &#8211; zaspokoili potrzeby 120 go\u015bci, pe\u0142en profesjonalizm, fulll of talent, g\u0142os Karoliny<\/i><\/td>\n<\/tr>\n<tr>\n<td><b>Ocena:<span>\u00a0<\/span><\/b>5\/5<\/td>\n<\/tr>\n<tr>\n<td height=\"10\">\u00a0<\/td>\n<\/tr>\n<tr>\n<td><b>Autor:<\/b><span>\u00a0<\/span>Karolina i Sebadtian<\/td>\n<\/tr>\n<tr>\n<td><b>Adres e-mail:<\/b><span>\u00a0<\/span><a href=\"mailto:karolina.%20agnieszka.%20mazur@gmail.%20com\" class=\"emailopinie\" onfocus=\"blur();\">karolina. agnieszka. mazur@gmail. com<\/a><\/td>\n<\/tr>\n<tr>\n<td><i>Dzi\u0119kujemy za wspania\u0142\u0105 opraw\u0119 muzyczn\u0105 naszego \u015blubu i wesela. Polecamy!<\/i><\/td>\n<\/tr>\n<tr>\n<td><b>Ocena:<span>\u00a0<\/span><\/b>5\/5<\/td>\n<\/tr>\n<\/tbody>\n<\/table>\n<p>[\/et_pb_text][\/et_pb_column][\/et_pb_row][\/et_pb_section][et_pb_section fb_built=&#8221;1&#8243; custom_padding_last_edited=&#8221;on|desktop&#8221; admin_label=&#8221;3 Buttons&#8221; _builder_version=&#8221;4.16&#8243; custom_padding=&#8221;0||0|50%|false|false&#8221; custom_padding_tablet=&#8221;|10%||10%&#8221; custom_padding_phone=&#8221;&#8221; global_colors_info=&#8221;{}&#8221;][et_pb_row column_structure=&#8221;1_2,1_2&#8243; use_custom_gutter=&#8221;on&#8221; gutter_width=&#8221;1&#8243; custom_padding_last_edited=&#8221;off|desktop&#8221; _builder_version=&#8221;4.16&#8243; width=&#8221;100%&#8221; max_width=&#8221;100%&#8221; custom_margin=&#8221;|||&#8221; custom_padding=&#8221;0px||0px||true|false&#8221; custom_padding_tablet=&#8221;20px|||&#8221; animation_style=&#8221;slide&#8221; animation_direction=&#8221;top&#8221; animation_delay=&#8221;200ms&#8221; border_radii=&#8221;||||80px&#8221; use_custom_width=&#8221;on&#8221; width_unit=&#8221;off&#8221; custom_width_percent=&#8221;100%&#8221; global_colors_info=&#8221;{}&#8221;][et_pb_column type=&#8221;1_2&#8243; _builder_version=&#8221;4.16&#8243; background_color=&#8221;#000000&#8243; custom_padding=&#8221;|||&#8221; global_colors_info=&#8221;{}&#8221; custom_padding__hover=&#8221;|||&#8221;][et_pb_blurb title=&#8221;+48 501 097 117&#8243; url=&#8221;#&#8221; _builder_version=&#8221;4.16&#8243; header_font=&#8221;Rubik||||||||&#8221; background_color=&#8221;#000000&#8243; text_orientation=&#8221;center&#8221; background_layout=&#8221;dark&#8221; custom_margin=&#8221;|||&#8221; custom_padding=&#8221;40px|20px|30px|20px|false|true&#8221; custom_padding_tablet=&#8221;20px||10px|&#8221; custom_padding_phone=&#8221;&#8221; custom_padding_last_edited=&#8221;on|desktop&#8221; global_colors_info=&#8221;{}&#8221;][\/et_pb_blurb][\/et_pb_column][et_pb_column type=&#8221;1_2&#8243; _builder_version=&#8221;4.16&#8243; custom_padding=&#8221;|||&#8221; global_colors_info=&#8221;{}&#8221; custom_padding__hover=&#8221;|||&#8221;][et_pb_blurb title=&#8221;jurek_band@wp.pl&#8221; url=&#8221;#&#8221; _builder_version=&#8221;4.16&#8243; header_font=&#8221;Rubik||||||||&#8221; header_text_color=&#8221;#000000&#8243; background_color=&#8221;#fcc600&#8243; text_orientation=&#8221;center&#8221; background_layout=&#8221;dark&#8221; custom_margin=&#8221;|||&#8221; custom_padding=&#8221;40px|20px|30px|20px|false|true&#8221; custom_padding_tablet=&#8221;20px||10px|&#8221; custom_padding_phone=&#8221;&#8221; custom_padding_last_edited=&#8221;on|desktop&#8221; locked=&#8221;off&#8221; global_colors_info=&#8221;{}&#8221;][\/et_pb_blurb][\/et_pb_column][\/et_pb_row][\/et_pb_section][et_pb_section fb_built=&#8221;1&#8243; fullwidth=&#8221;on&#8221; _builder_version=&#8221;3.27.4&#8243; background_image=&#8221;https:\/\/jurekband.pl\/wp-content\/uploads\/2019\/10\/Wesele_fotografia-\u015blubna-Reda-Gdynia-Gda\u0144sk-Tr\u00f3jmiasto-Foto-Film-Atelier-202.jpg&#8221; parallax=&#8221;on&#8221; parallax_method=&#8221;off&#8221; global_module=&#8221;95&#8243; saved_tabs=&#8221;all&#8221; global_colors_info=&#8221;{}&#8221;][et_pb_fullwidth_code _builder_version=&#8221;4.16&#8243; custom_css_main_element=&#8221;height:300px;&#8221; global_colors_info=&#8221;{}&#8221;][\/et_pb_fullwidth_code][\/et_pb_section][et_pb_section fb_built=&#8221;1&#8243; _builder_version=&#8221;3.27.4&#8243; background_color=&#8221;#000000&#8243; global_module=&#8221;96&#8243; saved_tabs=&#8221;all&#8221; collapsed=&#8221;off&#8221; global_colors_info=&#8221;{}&#8221;][et_pb_row column_structure=&#8221;1_3,1_3,1_3&#8243; _builder_version=&#8221;4.16&#8243; collapsed=&#8221;off&#8221; global_colors_info=&#8221;{}&#8221;][et_pb_column type=&#8221;1_3&#8243; _builder_version=&#8221;4.16&#8243; global_colors_info=&#8221;{}&#8221;][et_pb_text _builder_version=&#8221;4.16&#8243; text_font=&#8221;Play||||||||&#8221; text_text_color=&#8221;#ffffff&#8221; text_font_size=&#8221;15px&#8221; text_line_height=&#8221;1.8em&#8221; header_2_font=&#8221;ABeeZee||||||||&#8221; header_2_text_color=&#8221;#ffffff&#8221; global_colors_info=&#8221;{}&#8221;]<\/p>\n<h2>Zesp\u00f3\u0142 prezentuje repertuar <br \/>stosowny do okoliczno\u015bci<\/h2>\n<p>Obs\u0142uga muzyczna imprez okoliczno\u015bciowych:<\/p>\n<ul>\n<li>Bankiety, imprezy zak\u0142adowe,<\/li>\n<li>Imieniny, urodziny&#8230; rozwodziny, jubileusze<\/li>\n<li>Muzyka w trakcie weselnych obiad\u00f3w<br \/> Bale Weselne oraz przyjecia weselne<\/li>\n<li>Prymicje &#8211; oprawa muzyczna na zabawie prymicyjnej<\/li>\n<li>Muzyka do \u015blubu w wykonaniu saksofonisty. <br \/>W repertuarze: Bach, Wagner, Schubert i inne dzie\u0142a<\/li>\n<li>Bale maturalne, Studni\u00f3wki, Festyny,<\/li>\n<li>Wieczory kol\u0119d i pastora\u0142ek , spotkania wigilijne dla zak\u0142ad\u00f3w, szk\u00f3\u0142 i przedszkoli<\/li>\n<\/ul>\n<p>Dzia\u0142amy na terenie ca\u0142ej Polski, a tak\u017ce za granic\u0105: Niemcy, Skandynawia (Szwecja, Norwegia&#8230;) i inne kraje<\/p>\n<p>Prowadzenie wesela w j\u0119zyku angielskim<br \/> Studyjne przygotowanie mix&#8217;\u00f3w muzycznych<\/p>\n<p>[\/et_pb_text][\/et_pb_column][et_pb_column type=&#8221;1_3&#8243; _builder_version=&#8221;4.16&#8243; global_colors_info=&#8221;{}&#8221;][et_pb_text _builder_version=&#8221;4.16&#8243; text_font=&#8221;Play|700|||||||&#8221; text_text_color=&#8221;#000000&#8243; text_font_size=&#8221;15px&#8221; text_line_height=&#8221;1.8em&#8221; header_2_font=&#8221;ABeeZee||||||||&#8221; header_2_text_color=&#8221;#ffffff&#8221; background_color=&#8221;#fcc600&#8243; custom_padding=&#8221;25px|25px|25px|25px|true|true&#8221; global_colors_info=&#8221;{}&#8221;]<\/p>\n<p>Oferujemy r\u00f3wnie\u017c:<\/p>\n<ul>\n<li>Muzyk\u0119 mechaniczn\u0105 prezentowan\u0105 przez DJ Jerry &#8211; graj\u0105cy saksofonista<\/li>\n<\/ul>\n<p> Zesp\u00f3\u0142 wsp\u00f3\u0142pracuje w zakresie:<\/p>\n<ul>\n<li>pokazy czarnej magii,<\/li>\n<li>inni instrumentali\u015bci,<\/li>\n<li>video filmowanie i fotografia,<\/li>\n<li>pokazy barma\u0144skie,<\/li>\n<\/ul>\n<p>[\/et_pb_text][\/et_pb_column][et_pb_column type=&#8221;1_3&#8243; _builder_version=&#8221;4.16&#8243; global_colors_info=&#8221;{}&#8221;][et_pb_image src=&#8221;https:\/\/jurekband.pl\/wp-content\/uploads\/2019\/11\/FGZ2.png&#8221; _builder_version=&#8221;4.16&#8243; background_color=&#8221;#ffffff&#8221; custom_padding=&#8221;35px|35px|35px|35px|true|true&#8221; global_colors_info=&#8221;{}&#8221;][\/et_pb_image][\/et_pb_column][\/et_pb_row][\/et_pb_section]<\/p>\n","protected":false},"excerpt":{"rendered":"<p>OpinieFakt istnienia zak\u0142adki &#8220;Opinie&#8221; \u015bwiadczy o tym, \u017ce profesjonalne podej\u015bcie zespo\u0142u i zaanga\u017cowaniu w u\u015bwietnienie ka\u017cdej imprezy jest nasz\u0105 misj\u0105. Zadowolenie klienta z naszych us\u0142ug jest rzecz\u0105 nadrz\u0119dn\u0105, zdajemy sobie spraw\u0119 z powagi powierzonego nam zadania. Zak\u0142adka ta jest lustrem Waszych dobrych lub z\u0142ych odczu\u0107 na nasz temat. Ka\u017cda opinia jest dla nas bardzo wa\u017cna. [&hellip;]<\/p>\n","protected":false},"author":1,"featured_media":0,"parent":0,"menu_order":0,"comment_status":"closed","ping_status":"closed","template":"","meta":{"_et_pb_use_builder":"on","_et_pb_old_content":"","_et_gb_content_width":"","footnotes":""},"class_list":["post-8","page","type-page","status-publish","hentry"],"_links":{"self":[{"href":"https:\/\/jurekband.pl\/index.php\/wp-json\/wp\/v2\/pages\/8","targetHints":{"allow":["GET"]}}],"collection":[{"href":"https:\/\/jurekband.pl\/index.php\/wp-json\/wp\/v2\/pages"}],"about":[{"href":"https:\/\/jurekband.pl\/index.php\/wp-json\/wp\/v2\/types\/page"}],"author":[{"embeddable":true,"href":"https:\/\/jurekband.pl\/index.php\/wp-json\/wp\/v2\/users\/1"}],"replies":[{"embeddable":true,"href":"https:\/\/jurekband.pl\/index.php\/wp-json\/wp\/v2\/comments?post=8"}],"version-history":[{"count":4,"href":"https:\/\/jurekband.pl\/index.php\/wp-json\/wp\/v2\/pages\/8\/revisions"}],"predecessor-version":[{"id":422,"href":"https:\/\/jurekband.pl\/index.php\/wp-json\/wp\/v2\/pages\/8\/revisions\/422"}],"wp:attachment":[{"href":"https:\/\/jurekband.pl\/index.php\/wp-json\/wp\/v2\/media?parent=8"}],"curies":[{"name":"wp","href":"https:\/\/api.w.org\/{rel}","templated":true}]}}