{"id":9,"date":"2019-10-10T14:15:27","date_gmt":"2019-10-10T12:15:27","guid":{"rendered":"http:\/\/jurekband.pl\/index.php\/wspolpraca\/"},"modified":"2019-12-02T14:08:31","modified_gmt":"2019-12-02T13:08:31","slug":"wspolpraca","status":"publish","type":"page","link":"https:\/\/jurekband.pl\/index.php\/wspolpraca\/","title":{"rendered":"Wsp\u00f3\u0142praca"},"content":{"rendered":"<p>[et_pb_section fb_built=&#8221;1&#8243; fullwidth=&#8221;on&#8221; admin_label=&#8221;Header Section&#8221; _builder_version=&#8221;3.27.4&#8243; background_image=&#8221;http:\/\/jurekband.pl\/wp-content\/uploads\/2019\/10\/Wesele_fotografia-\u015blubna-Reda-Gdynia-Gda\u0144sk-Tr\u00f3jmiasto-Foto-Film-Atelier-111.jpg&#8221; custom_padding=&#8221;22vh||22vh||true|false&#8221; top_divider_color=&#8221;rgba(255,255,255,0.6)&#8221; top_divider_height=&#8221;30%&#8221; hover_enabled=&#8221;0&#8243; fb_built=&#8221;1&#8243; _i=&#8221;0&#8243; _address=&#8221;0&#8243;][et_pb_fullwidth_header title=&#8221;Artystyczna obs\u0142uga imprez&#8221; subhead=&#8221;Jurek Band&#8221; text_orientation=&#8221;center&#8221; header_scroll_down=&#8221;on&#8221; scroll_down_icon=&#8221;%%1%%&#8221; scroll_down_icon_color=&#8221;#ffffff&#8221; _builder_version=&#8221;3.27.4&#8243; title_level=&#8221;h2&#8243; title_font=&#8221;Rubik|700||on|||||&#8221; title_text_color=&#8221;#fcc600&#8243; title_font_size=&#8221;16px&#8221; title_letter_spacing=&#8221;5px&#8221; title_line_height=&#8221;2em&#8221; content_font=&#8221;Rubik||||||||&#8221; content_text_color=&#8221;#ffffff&#8221; content_font_size=&#8221;18px&#8221; content_line_height=&#8221;2em&#8221; subhead_font=&#8221;Rubik|700|||||||&#8221; subhead_text_color=&#8221;#ffffff&#8221; subhead_font_size=&#8221;50px&#8221; subhead_line_height=&#8221;1.4em&#8221; background_color=&#8221;rgba(0,0,0,0.53)&#8221; background_enable_image=&#8221;off&#8221; background_size=&#8221;contain&#8221; background_position=&#8221;bottom_center&#8221; custom_button_one=&#8221;on&#8221; button_one_text_size=&#8221;16px&#8221; button_one_text_color=&#8221;#000000&#8243; button_one_bg_color=&#8221;#fcc600&#8243; button_one_border_width=&#8221;15px&#8221; button_one_border_color=&#8221;rgba(210,159,104,0)&#8221; button_one_border_radius=&#8221;100px&#8221; button_one_letter_spacing=&#8221;0px&#8221; button_one_font=&#8221;Rubik|700|||||||&#8221; button_one_use_icon=&#8221;off&#8221; custom_button_two=&#8221;on&#8221; button_two_text_size=&#8221;16px&#8221; button_two_text_color=&#8221;#ffffff&#8221; button_two_bg_color=&#8221;rgba(0,0,0,0.6)&#8221; button_two_border_width=&#8221;15px&#8221; button_two_border_color=&#8221;rgba(210,159,104,0)&#8221; button_two_border_radius=&#8221;100px&#8221; button_two_letter_spacing=&#8221;0px&#8221; button_two_font=&#8221;Rubik|700|||||||&#8221; button_two_use_icon=&#8221;off&#8221; box_shadow_style=&#8221;preset6&#8243; box_shadow_vertical=&#8221;-10px&#8221; box_shadow_color=&#8221;rgba(0,0,0,0.2)&#8221; background_layout=&#8221;light&#8221; custom_margin=&#8221;|||&#8221; animation_style=&#8221;slide&#8221; animation_direction=&#8221;bottom&#8221; animation_intensity_slide=&#8221;1%&#8221; hover_enabled=&#8221;0&#8243; content_font_size_phone=&#8221;16px&#8221; content_font_size_last_edited=&#8221;on|phone&#8221; subhead_font_size_phone=&#8221;30px&#8221; subhead_font_size_last_edited=&#8221;on|phone&#8221; button_one_border_radius_hover=&#8221;100px&#8221; button_two_border_radius_hover=&#8221;100px&#8221; button_one_bg_color_hover=&#8221;#ff8a70&#8243; button_two_bg_color_hover=&#8221;#ff8a70&#8243; _i=&#8221;0&#8243; _address=&#8221;0.0&#8243; button_one_text_size__hover_enabled=&#8221;off&#8221; button_two_text_size__hover_enabled=&#8221;off&#8221; button_one_text_color__hover_enabled=&#8221;off&#8221; button_two_text_color__hover_enabled=&#8221;off&#8221; button_one_border_width__hover_enabled=&#8221;off&#8221; button_two_border_width__hover_enabled=&#8221;off&#8221; button_one_border_color__hover_enabled=&#8221;off&#8221; button_two_border_color__hover_enabled=&#8221;off&#8221; button_one_border_radius__hover_enabled=&#8221;on&#8221; button_one_border_radius__hover=&#8221;100px&#8221; button_two_border_radius__hover_enabled=&#8221;on&#8221; button_two_border_radius__hover=&#8221;100px&#8221; button_one_letter_spacing__hover_enabled=&#8221;off&#8221; button_two_letter_spacing__hover_enabled=&#8221;off&#8221; button_one_bg_color__hover_enabled=&#8221;on&#8221; button_one_bg_color__hover=&#8221;#ff8a70&#8243; button_two_bg_color__hover_enabled=&#8221;on&#8221; button_two_bg_color__hover=&#8221;#ff8a70&#8243; button_one_bg_enable_color=&#8221;on&#8221;][\/et_pb_fullwidth_header][\/et_pb_section][et_pb_section fb_built=&#8221;1&#8243; _builder_version=&#8221;3.27.4&#8243; background_color=&#8221;#000000&#8243; fb_built=&#8221;1&#8243; _i=&#8221;1&#8243; _address=&#8221;1&#8243; collapsed=&#8221;on&#8221;][et_pb_row _builder_version=&#8221;3.27.4&#8243; custom_padding=&#8221;||41px|||&#8221; hover_enabled=&#8221;0&#8243; _i=&#8221;0&#8243; _address=&#8221;1.0&#8243;][et_pb_column type=&#8221;4_4&#8243; _builder_version=&#8221;3.27.4&#8243; _i=&#8221;0&#8243; _address=&#8221;1.0.0&#8243;][et_pb_text _builder_version=&#8221;3.27.4&#8243; text_font=&#8221;Play||||||||&#8221; text_text_color=&#8221;#ffffff&#8221; text_font_size=&#8221;15px&#8221; text_line_height=&#8221;1.8em&#8221; header_2_font=&#8221;ABeeZee||||||||&#8221; header_2_text_color=&#8221;#ffffff&#8221; _i=&#8221;0&#8243; _address=&#8221;1.0.0.0&#8243;]<\/p>\n<h2>WSP\u00d3\u0141PRACA<\/h2>\n<p>Zesp\u00f3\u0142 &#8220;Jurek Band&#8221; po wielu latach wsp\u00f3lnych dzia\u0142a\u0144 na rynku artystycznym spotka\u0142 si\u0119 z grup\u0105 os\u00f3b pracuj\u0105c\u0105 w niesamowicie profesjonalny spos\u00f3b. Praca z tymi lud\u017ami to czysta przyjemno\u015b\u0107 i zadowolenie naszych go\u015bci. W dzisiejszych czasach nie ma miejsca na tzw. amatork\u0119. Profesjonalizmu oczekujemy od innych, a przede wszystkim od siebie. To podstawa.<\/p>\n<p>Z takimi w\u0142a\u015bnie lud\u017ami pracujemy i chcemy wsp\u00f3\u0142pracowa\u0107. Zadowolenie klienta jest naszym zadowoleniem. Dobra zabawa jest wtedy,\u00a0 gdy bawi\u0105 si\u0119 wszyscy: go\u015bcie, zesp\u00f3\u0142 i obs\u0142uga.<\/p>\n<p>W tym miejscu chcieliby\u015bmy zaprezentowa\u0107 naszych wspania\u0142ych przyjaci\u00f3\u0142 z bran\u017cy muzycznej, gastronomicznej\u00a0i rozrywkowej<span style=\"font-size: 15px;\">\u00a0<\/span><\/p>\n<p>[\/et_pb_text][\/et_pb_column][\/et_pb_row][et_pb_row column_structure=&#8221;1_2,1_2&#8243; _builder_version=&#8221;3.27.4&#8243; _i=&#8221;1&#8243; _address=&#8221;1.1&#8243;][et_pb_column type=&#8221;1_2&#8243; _builder_version=&#8221;3.27.4&#8243; _i=&#8221;0&#8243; _address=&#8221;1.1.0&#8243;][et_pb_text _builder_version=&#8221;3.27.4&#8243; text_font=&#8221;ABeeZee||||||||&#8221; text_text_color=&#8221;#ffffff&#8221; text_font_size=&#8221;18px&#8221; _i=&#8221;0&#8243; _address=&#8221;1.1.0.0&#8243;]DJ MITCH<\/p>\n<p>Strona www: http:\/\/www.djmitch.martineden.pl\/index.php\/home.html[\/et_pb_text][\/et_pb_column][et_pb_column type=&#8221;1_2&#8243; _builder_version=&#8221;3.27.4&#8243; _i=&#8221;1&#8243; _address=&#8221;1.1.1&#8243;][et_pb_image src=&#8221;http:\/\/jurekband.pl\/wp-content\/uploads\/2019\/11\/mich1.jpg&#8221; _builder_version=&#8221;3.27.4&#8243; _i=&#8221;0&#8243; _address=&#8221;1.1.1.0&#8243;][\/et_pb_image][\/et_pb_column][\/et_pb_row][et_pb_row column_structure=&#8221;1_2,1_2&#8243; _builder_version=&#8221;3.27.4&#8243; _i=&#8221;2&#8243; _address=&#8221;1.2&#8243;][et_pb_column type=&#8221;1_2&#8243; _builder_version=&#8221;3.27.4&#8243; _i=&#8221;0&#8243; _address=&#8221;1.2.0&#8243;][et_pb_text _builder_version=&#8221;3.27.4&#8243; text_font=&#8221;ABeeZee||||||||&#8221; text_text_color=&#8221;#ffffff&#8221; text_font_size=&#8221;18px&#8221; _i=&#8221;0&#8243; _address=&#8221;1.2.0.0&#8243;]Marek Walasek &#8211; Gitara<br \/>\nFenomenalny muzyk, wspania\u0142y cz\u0142owiek, przyjaciel zespo\u0142u to cechy Marka zawsze oddanego dla sztuki, gitary i Jurek Band&#8217;u. Wsp\u00f3\u0142praca z Markiem zawsze nale\u017ca\u0142a do przyjemno\u015bci, a jego gra na gitarze umieszczonej na &#8230; plecach zawsze wprowadza\u0142a go\u015bci w zachwyt i zadowolenie !!![\/et_pb_text][\/et_pb_column][et_pb_column type=&#8221;1_2&#8243; _builder_version=&#8221;3.27.4&#8243; _i=&#8221;1&#8243; _address=&#8221;1.2.1&#8243;][et_pb_image src=&#8221;http:\/\/jurekband.pl\/wp-content\/uploads\/2019\/11\/Marek-walasek.jpg&#8221; _builder_version=&#8221;3.27.4&#8243; _i=&#8221;0&#8243; _address=&#8221;1.2.1.0&#8243;][\/et_pb_image][\/et_pb_column][\/et_pb_row][et_pb_row column_structure=&#8221;1_2,1_2&#8243; _builder_version=&#8221;3.27.4&#8243; _i=&#8221;3&#8243; _address=&#8221;1.3&#8243;][et_pb_column type=&#8221;1_2&#8243; _builder_version=&#8221;3.27.4&#8243; _i=&#8221;0&#8243; _address=&#8221;1.3.0&#8243;][et_pb_text _builder_version=&#8221;3.27.4&#8243; text_font=&#8221;ABeeZee||||||||&#8221; text_text_color=&#8221;#ffffff&#8221; text_font_size=&#8221;18px&#8221; _i=&#8221;0&#8243; _address=&#8221;1.3.0.0&#8243;]Oprawa muzyczna na \u015blub &#8211; Agata Hoppe &#8211; mezzosopran<br \/>\nAbsolwentka Akademii Muzycznej w Gda\u0144sku na Wydziale Wokalno-Aktorskim, rezydentka Gda\u0144skiej Opery Ba\u0142tyckiej i &#8230; przepi\u0119kny g\u0142os, kt\u00f3ry msz\u0119 \u015blubn\u0105 zamienia w  zjawisko o kt\u00f3rym pami\u0119ta si\u0119 latami. <\/p>\n<p>Strona www: www.agatahoppe.com\/[\/et_pb_text][\/et_pb_column][et_pb_column type=&#8221;1_2&#8243; _builder_version=&#8221;3.27.4&#8243; _i=&#8221;1&#8243; _address=&#8221;1.3.1&#8243;][et_pb_image src=&#8221;http:\/\/jurekband.pl\/wp-content\/uploads\/2019\/11\/Agata-Hoppe.jpg&#8221; _builder_version=&#8221;3.27.4&#8243; _i=&#8221;0&#8243; _address=&#8221;1.3.1.0&#8243;][\/et_pb_image][\/et_pb_column][\/et_pb_row][et_pb_row column_structure=&#8221;1_2,1_2&#8243; _builder_version=&#8221;3.27.4&#8243; _i=&#8221;4&#8243; _address=&#8221;1.4&#8243;][et_pb_column type=&#8221;1_2&#8243; _builder_version=&#8221;3.27.4&#8243; _i=&#8221;0&#8243; _address=&#8221;1.4.0&#8243;][et_pb_text _builder_version=&#8221;3.27.4&#8243; text_font=&#8221;ABeeZee||||||||&#8221; text_text_color=&#8221;#ffffff&#8221; text_font_size=&#8221;18px&#8221; _i=&#8221;0&#8243; _address=&#8221;1.4.0.0&#8243;]Shark Foto Studio<br \/>\nwww.sharkfotostudio.com  tel : 511-266-779<\/p>\n<p>Je\u015bli chc\u0105 Pa\u0144stwo zaskoczy\u0107 rodzin\u0119 i znajomych nietypowymi, nowatorskimi zdj\u0119ciami,<\/p>\n<p>zapami\u0119ta\u0107 jedn\u0105 z najwa\u017cniejszych chwil w \u017cyciu w postaci Tr\u00f3jwymiarowej wirtualnej rzeczywisto\u015bci,<\/p>\n<p> stworzy\u0107 w\u0142asn\u0105 planet\u0119 oraz nietypowy plener zdj\u0119ciowy&#8230; <\/p>\n<p>ZDJ\u0118CIA \u015aLUBNE :<br \/>\n&#8211; Przygotowania w domu Panny M\u0142odej<br \/>\n&#8211; B\u0142ogos\u0142awie\u0144stwo<br \/>\n&#8211; Msza \u015aw.<br \/>\n&#8211; Wesele<br \/>\n&#8211; Mini Plener w dniu wesela<br \/>\n&#8211; Plener w innym dniu (nieograniczona liczba miejsc)<\/p>\n<p>Nowatorskie rozwi\u0105zania :<br \/>\n&#8211; zdj\u0119cia Sferyczne 3D (w ko\u015bciele oraz w plenerze)<br \/>\nVIDEO FILMOWANIE :<\/p>\n<p>Filmujemy kamer\u0105 FULL HD 1920&#215;1080, kt\u00f3ra znakomicie radzi sobie w trudnych warunkach o\u015bwietleniowych<br \/>\noraz posiada znakomitej klasy stabilizator optyczny.<\/p>\n<p>Dodatkowo oferujemy :<br \/>\n&#8211; plener video<br \/>\n&#8211; kamera ma mo\u017cliwo\u015b\u0107 narywania w trybie Slow Motion, dzi\u0119ki czemu mo\u017cna wykona\u0107 uj\u0119cia niczym z Discovery,<br \/>\n  250 klatek na sekund\u0119, mo\u017cna dostrzec to czego ludzie oko nigdy nie zobaczy<br \/>\nDodatkowo oferujemy :<br \/>\n&#8211; plener video<br \/>\n&#8211; kamera ma mo\u017cliwo\u015b\u0107 narywania w trybie Slow Motion, dzi\u0119ki czemu mo\u017cna wykona\u0107 uj\u0119cia niczym z Discovery,<br \/>\n  250 klatek na sekund\u0119, mo\u017cna dostrzec to czego ludzie oko nigdy nie zobaczy<\/p>\n<p>Pe\u0142n\u0105 ofert\u0119 naszych mo\u017cliwo\u015bci i zakresu us\u0142ug znajdziecie Pa\u0144stwo na naszej stronie www.SHARKFOTOSTUDIO.COM<\/p>\n<p>Strona www: WWW.SHARKFOTOSTUDIO.COM[\/et_pb_text][\/et_pb_column][et_pb_column type=&#8221;1_2&#8243; _builder_version=&#8221;3.27.4&#8243; _i=&#8221;1&#8243; _address=&#8221;1.4.1&#8243;][et_pb_image src=&#8221;http:\/\/jurekband.pl\/wp-content\/uploads\/2019\/11\/SharkFotoStudio.jpg&#8221; _builder_version=&#8221;3.27.4&#8243; _i=&#8221;0&#8243; _address=&#8221;1.4.1.0&#8243;][\/et_pb_image][\/et_pb_column][\/et_pb_row][et_pb_row column_structure=&#8221;1_2,1_2&#8243; _builder_version=&#8221;3.27.4&#8243; _i=&#8221;5&#8243; _address=&#8221;1.5&#8243;][et_pb_column type=&#8221;1_2&#8243; _builder_version=&#8221;3.27.4&#8243; _i=&#8221;0&#8243; _address=&#8221;1.5.0&#8243;][et_pb_text _builder_version=&#8221;3.27.4&#8243; text_font=&#8221;ABeeZee||||||||&#8221; text_text_color=&#8221;#ffffff&#8221; text_font_size=&#8221;18px&#8221; _i=&#8221;0&#8243; _address=&#8221;1.5.0.0&#8243;]Gabinet Kosmetyczny &#8220;Ma\u0142y Raj&#8221;<br \/>\n Serdecznie zapraszam na zabiegi piel\u0119gnacyjne twarzy, makija\u017ce \u015blubne, wieczorowe oraz wszelkie zabiegi kosmetyczne.<\/p>\n<p>Na has\u0142o &#8220;Jurek Band&#8221; otrzymaj\u0105 Pa\u0144stwo bon rabatowy o warto\u015bci 30 z\u0142 na kolejny rajski zabieg\u2026                 Aleksandra Krajewska Gda\u0144sk ul. Jagiello\u0144ska 10K<\/p>\n<p>Strona www: www.malyraj.pl[\/et_pb_text][\/et_pb_column][et_pb_column type=&#8221;1_2&#8243; _builder_version=&#8221;3.27.4&#8243; _i=&#8221;1&#8243; _address=&#8221;1.5.1&#8243;][et_pb_image src=&#8221;http:\/\/jurekband.pl\/wp-content\/uploads\/2019\/11\/Maly-raj_1.jpg&#8221; _builder_version=&#8221;3.27.4&#8243; _i=&#8221;0&#8243; _address=&#8221;1.5.1.0&#8243;][\/et_pb_image][\/et_pb_column][\/et_pb_row][\/et_pb_section][et_pb_section fb_built=&#8221;1&#8243; custom_padding_last_edited=&#8221;on|desktop&#8221; admin_label=&#8221;3 Buttons&#8221; _builder_version=&#8221;3.22&#8243; custom_padding=&#8221;0||0|50%|false|false&#8221; custom_padding_tablet=&#8221;|10%||10%&#8221; hover_enabled=&#8221;0&#8243; collapsed=&#8221;on&#8221; fb_built=&#8221;1&#8243; _i=&#8221;2&#8243; _address=&#8221;2&#8243;][et_pb_row column_structure=&#8221;1_2,1_2&#8243; use_custom_gutter=&#8221;on&#8221; gutter_width=&#8221;1&#8243; custom_padding_last_edited=&#8221;off|desktop&#8221; _builder_version=&#8221;3.27.4&#8243; border_radii=&#8221;||||80px&#8221; width=&#8221;100%&#8221; max_width=&#8221;100%&#8221; custom_margin=&#8221;|||&#8221; custom_padding=&#8221;0px||0px||true|false&#8221; custom_padding_tablet=&#8221;20px|||&#8221; animation_style=&#8221;slide&#8221; animation_direction=&#8221;top&#8221; animation_delay=&#8221;200ms&#8221; use_custom_width=&#8221;on&#8221; width_unit=&#8221;off&#8221; custom_width_percent=&#8221;100%&#8221; _i=&#8221;0&#8243; _address=&#8221;2.0&#8243;][et_pb_column type=&#8221;1_2&#8243; _builder_version=&#8221;3.27.4&#8243; background_color=&#8221;#000000&#8243; custom_padding=&#8221;|||&#8221; _i=&#8221;0&#8243; _address=&#8221;2.0.0&#8243; custom_padding__hover=&#8221;|||&#8221;][et_pb_blurb title=&#8221;+48 501 097 117&#8243; url=&#8221;#&#8221; _builder_version=&#8221;3.27.4&#8243; header_font=&#8221;Rubik||||||||&#8221; background_color=&#8221;#000000&#8243; text_orientation=&#8221;center&#8221; background_layout=&#8221;dark&#8221; custom_margin=&#8221;|||&#8221; custom_padding=&#8221;40px|20px|30px|20px|false|true&#8221; custom_padding_tablet=&#8221;20px||10px|&#8221; custom_padding_last_edited=&#8221;on|desktop&#8221; _i=&#8221;0&#8243; _address=&#8221;2.0.0.0&#8243;][\/et_pb_blurb][\/et_pb_column][et_pb_column type=&#8221;1_2&#8243; _builder_version=&#8221;3.25&#8243; custom_padding=&#8221;|||&#8221; _i=&#8221;1&#8243; _address=&#8221;2.0.1&#8243; custom_padding__hover=&#8221;|||&#8221;][et_pb_blurb title=&#8221;jurek_band@wp.pl&#8221; url=&#8221;#&#8221; _builder_version=&#8221;3.27.4&#8243; header_font=&#8221;Rubik||||||||&#8221; header_text_color=&#8221;#000000&#8243; background_color=&#8221;#fcc600&#8243; text_orientation=&#8221;center&#8221; background_layout=&#8221;dark&#8221; custom_margin=&#8221;|||&#8221; custom_padding=&#8221;40px|20px|30px|20px|false|true&#8221; custom_padding_tablet=&#8221;20px||10px|&#8221; custom_padding_last_edited=&#8221;on|desktop&#8221; locked=&#8221;off&#8221; _i=&#8221;0&#8243; _address=&#8221;2.0.1.0&#8243;][\/et_pb_blurb][\/et_pb_column][\/et_pb_row][\/et_pb_section][et_pb_section fb_built=&#8221;1&#8243; fullwidth=&#8221;on&#8221; _builder_version=&#8221;3.27.4&#8243; background_image=&#8221;http:\/\/jurekband.pl\/wp-content\/uploads\/2019\/10\/Wesele_fotografia-\u015blubna-Reda-Gdynia-Gda\u0144sk-Tr\u00f3jmiasto-Foto-Film-Atelier-202.jpg&#8221; parallax=&#8221;on&#8221; parallax_method=&#8221;off&#8221; global_module=&#8221;95&#8243; saved_tabs=&#8221;all&#8221; fb_built=&#8221;1&#8243; _i=&#8221;4&#8243; _address=&#8221;4&#8243;][et_pb_fullwidth_code _builder_version=&#8221;3.27.4&#8243; hover_enabled=&#8221;0&#8243; custom_css_main_element=&#8221;height:300px;&#8221; _i=&#8221;0&#8243; _address=&#8221;3.0&#8243;][\/et_pb_fullwidth_code][\/et_pb_section][et_pb_section fb_built=&#8221;1&#8243; _builder_version=&#8221;3.27.4&#8243; background_color=&#8221;#000000&#8243; global_module=&#8221;96&#8243; saved_tabs=&#8221;all&#8221; fb_built=&#8221;1&#8243; _i=&#8221;5&#8243; _address=&#8221;5&#8243;][et_pb_row column_structure=&#8221;1_3,1_3,1_3&#8243; _builder_version=&#8221;3.27.4&#8243; hover_enabled=&#8221;0&#8243; _i=&#8221;0&#8243; _address=&#8221;4.0&#8243;][et_pb_column type=&#8221;1_3&#8243; _builder_version=&#8221;3.27.4&#8243; _i=&#8221;0&#8243; _address=&#8221;4.0.0&#8243;][et_pb_text _builder_version=&#8221;3.27.4&#8243; text_font=&#8221;Play||||||||&#8221; text_text_color=&#8221;#ffffff&#8221; text_font_size=&#8221;15px&#8221; text_line_height=&#8221;1.8em&#8221; header_2_font=&#8221;ABeeZee||||||||&#8221; header_2_text_color=&#8221;#ffffff&#8221; hover_enabled=&#8221;0&#8243; _i=&#8221;0&#8243; _address=&#8221;4.0.0.0&#8243;]<\/p>\n<h2>Zesp\u00f3\u0142 prezentuje repertuar <br \/>stosowny do okoliczno\u015bci<\/h2>\n<p>Obs\u0142uga muzyczna imprez okoliczno\u015bciowych:<\/p>\n<ul>\n<li>Bankiety, imprezy zak\u0142adowe,<\/li>\n<li>Imieniny, urodziny&#8230; rozwodziny, jubileusze<\/li>\n<li>Muzyka w trakcie weselnych obiad\u00f3w<br \/> Bale Weselne oraz przyjecia weselne<\/li>\n<li>Prymicje &#8211; oprawa muzyczna na zabawie prymicyjnej<\/li>\n<li>Muzyka do \u015blubu w wykonaniu saksofonisty. <br \/>W repertuarze: Bach, Wagner, Schubert i inne dzie\u0142a<\/li>\n<li>Bale maturalne, Studni\u00f3wki, Festyny,<\/li>\n<li>Wieczory kol\u0119d i pastora\u0142ek , spotkania wigilijne dla zak\u0142ad\u00f3w, szk\u00f3\u0142 i przedszkoli<\/li>\n<\/ul>\n<p>Dzia\u0142amy na terenie ca\u0142ej Polski, a tak\u017ce za granic\u0105: Niemcy, Skandynawia (Szwecja, Norwegia&#8230;) i inne kraje<\/p>\n<p>Prowadzenie wesela w j\u0119zyku angielskim<br \/> Studyjne przygotowanie mix&#8217;\u00f3w muzycznych<\/p>\n<p>[\/et_pb_text][\/et_pb_column][et_pb_column type=&#8221;1_3&#8243; _builder_version=&#8221;3.27.4&#8243; _i=&#8221;1&#8243; _address=&#8221;4.0.1&#8243;][et_pb_text _builder_version=&#8221;3.27.4&#8243; text_font=&#8221;Play|700|||||||&#8221; text_text_color=&#8221;#000000&#8243; text_font_size=&#8221;15px&#8221; text_line_height=&#8221;1.8em&#8221; header_2_font=&#8221;ABeeZee||||||||&#8221; header_2_text_color=&#8221;#ffffff&#8221; background_color=&#8221;#fcc600&#8243; custom_padding=&#8221;25px|25px|25px|25px|true|true&#8221; hover_enabled=&#8221;0&#8243; _i=&#8221;0&#8243; _address=&#8221;4.0.1.0&#8243;]<\/p>\n<p>Oferujemy r\u00f3wnie\u017c:<\/p>\n<ul>\n<li>Muzyk\u0119 mechaniczn\u0105 prezentowan\u0105 przez DJ Jerry &#8211; graj\u0105cy saksofonista<\/li>\n<\/ul>\n<p> Zesp\u00f3\u0142 wsp\u00f3\u0142pracuje w zakresie:<\/p>\n<ul>\n<li>pokazy czarnej magii,<\/li>\n<li>inni instrumentali\u015bci,<\/li>\n<li>video filmowanie i fotografia,<\/li>\n<li>pokazy barma\u0144skie,<\/li>\n<\/ul>\n<p>[\/et_pb_text][\/et_pb_column][et_pb_column type=&#8221;1_3&#8243; _builder_version=&#8221;3.27.4&#8243; _i=&#8221;2&#8243; _address=&#8221;4.0.2&#8243;][et_pb_image src=&#8221;http:\/\/jurekband.pl\/wp-content\/uploads\/2019\/11\/FGZ2.png&#8221; _builder_version=&#8221;3.27.4&#8243; background_color=&#8221;#ffffff&#8221; custom_padding=&#8221;35px|35px|35px|35px|true|true&#8221; hover_enabled=&#8221;0&#8243; _i=&#8221;0&#8243; _address=&#8221;4.0.2.0&#8243;][\/et_pb_image][\/et_pb_column][\/et_pb_row][\/et_pb_section]<\/p>\n","protected":false},"excerpt":{"rendered":"<p>WSP\u00d3\u0141PRACA Zesp\u00f3\u0142 &#8220;Jurek Band&#8221; po wielu latach wsp\u00f3lnych dzia\u0142a\u0144 na rynku artystycznym spotka\u0142 si\u0119 z grup\u0105 os\u00f3b pracuj\u0105c\u0105 w niesamowicie profesjonalny spos\u00f3b. Praca z tymi lud\u017ami to czysta przyjemno\u015b\u0107 i zadowolenie naszych go\u015bci. W dzisiejszych czasach nie ma miejsca na tzw. amatork\u0119. Profesjonalizmu oczekujemy od innych, a przede wszystkim od siebie. To podstawa. Z takimi [&hellip;]<\/p>\n","protected":false},"author":1,"featured_media":0,"parent":0,"menu_order":0,"comment_status":"closed","ping_status":"closed","template":"","meta":{"_et_pb_use_builder":"on","_et_pb_old_content":"","_et_gb_content_width":"","footnotes":""},"class_list":["post-9","page","type-page","status-publish","hentry"],"_links":{"self":[{"href":"https:\/\/jurekband.pl\/index.php\/wp-json\/wp\/v2\/pages\/9","targetHints":{"allow":["GET"]}}],"collection":[{"href":"https:\/\/jurekband.pl\/index.php\/wp-json\/wp\/v2\/pages"}],"about":[{"href":"https:\/\/jurekband.pl\/index.php\/wp-json\/wp\/v2\/types\/page"}],"author":[{"embeddable":true,"href":"https:\/\/jurekband.pl\/index.php\/wp-json\/wp\/v2\/users\/1"}],"replies":[{"embeddable":true,"href":"https:\/\/jurekband.pl\/index.php\/wp-json\/wp\/v2\/comments?post=9"}],"version-history":[{"count":5,"href":"https:\/\/jurekband.pl\/index.php\/wp-json\/wp\/v2\/pages\/9\/revisions"}],"predecessor-version":[{"id":199,"href":"https:\/\/jurekband.pl\/index.php\/wp-json\/wp\/v2\/pages\/9\/revisions\/199"}],"wp:attachment":[{"href":"https:\/\/jurekband.pl\/index.php\/wp-json\/wp\/v2\/media?parent=9"}],"curies":[{"name":"wp","href":"https:\/\/api.w.org\/{rel}","templated":true}]}}